{"id":843,"date":"2022-03-18T10:37:46","date_gmt":"2022-03-18T09:37:46","guid":{"rendered":"https:\/\/mieuxetreetspirituel.com\/?page_id=843"},"modified":"2023-03-01T11:08:06","modified_gmt":"2023-03-01T10:08:06","slug":"mentions-legales","status":"publish","type":"page","link":"https:\/\/mieuxetreetspirituel.com\/index.php\/mentions-legales\/","title":{"rendered":"Mentions l\u00e9gales"},"content":{"rendered":"\t\t<div data-elementor-type=\"wp-page\" data-elementor-id=\"843\" class=\"elementor elementor-843\">\n\t\t\t\t\t\t\t\t\t<section class=\"elementor-section elementor-top-section elementor-element elementor-element-ee93b5b elementor-section-boxed elementor-section-height-default elementor-section-height-default\" data-id=\"ee93b5b\" data-element_type=\"section\" data-settings=\"{&quot;jet_parallax_layout_list&quot;:[{&quot;jet_parallax_layout_image&quot;:{&quot;url&quot;:&quot;&quot;,&quot;id&quot;:&quot;&quot;,&quot;size&quot;:&quot;&quot;},&quot;_id&quot;:&quot;038b014&quot;,&quot;jet_parallax_layout_speed&quot;:{&quot;unit&quot;:&quot;%&quot;,&quot;size&quot;:&quot;50&quot;,&quot;sizes&quot;:[]},&quot;jet_parallax_layout_bg_x&quot;:&quot;50&quot;,&quot;jet_parallax_layout_bg_y&quot;:&quot;50&quot;,&quot;jet_parallax_layout_image_tablet&quot;:{&quot;url&quot;:&quot;&quot;,&quot;id&quot;:&quot;&quot;,&quot;size&quot;:&quot;&quot;},&quot;jet_parallax_layout_image_mobile&quot;:{&quot;url&quot;:&quot;&quot;,&quot;id&quot;:&quot;&quot;,&quot;size&quot;:&quot;&quot;},&quot;jet_parallax_layout_type&quot;:&quot;scroll&quot;,&quot;jet_parallax_layout_direction&quot;:null,&quot;jet_parallax_layout_fx_direction&quot;:null,&quot;jet_parallax_layout_z_index&quot;:&quot;&quot;,&quot;jet_parallax_layout_bg_x_tablet&quot;:&quot;&quot;,&quot;jet_parallax_layout_bg_x_mobile&quot;:&quot;&quot;,&quot;jet_parallax_layout_bg_y_tablet&quot;:&quot;&quot;,&quot;jet_parallax_layout_bg_y_mobile&quot;:&quot;&quot;,&quot;jet_parallax_layout_bg_size&quot;:&quot;auto&quot;,&quot;jet_parallax_layout_bg_size_tablet&quot;:&quot;&quot;,&quot;jet_parallax_layout_bg_size_mobile&quot;:&quot;&quot;,&quot;jet_parallax_layout_animation_prop&quot;:&quot;transform&quot;,&quot;jet_parallax_layout_on&quot;:[&quot;desktop&quot;,&quot;tablet&quot;]}],&quot;background_background&quot;:&quot;classic&quot;}\">\n\t\t\t\t\t\t<div class=\"elementor-container elementor-column-gap-no\">\n\t\t\t\t\t<div class=\"elementor-column elementor-col-100 elementor-top-column elementor-element elementor-element-ee7e7c8\" data-id=\"ee7e7c8\" data-element_type=\"column\">\n\t\t\t<div class=\"elementor-widget-wrap elementor-element-populated\">\n\t\t\t\t\t\t\t\t<div class=\"elementor-element elementor-element-bfb2737 elementor-widget elementor-widget-heading\" data-id=\"bfb2737\" data-element_type=\"widget\" data-widget_type=\"heading.default\">\n\t\t\t\t<div class=\"elementor-widget-container\">\n\t\t\t<style>\/*! elementor - v3.18.0 - 20-12-2023 *\/\n.elementor-heading-title{padding:0;margin:0;line-height:1}.elementor-widget-heading .elementor-heading-title[class*=elementor-size-]>a{color:inherit;font-size:inherit;line-height:inherit}.elementor-widget-heading .elementor-heading-title.elementor-size-small{font-size:15px}.elementor-widget-heading .elementor-heading-title.elementor-size-medium{font-size:19px}.elementor-widget-heading .elementor-heading-title.elementor-size-large{font-size:29px}.elementor-widget-heading .elementor-heading-title.elementor-size-xl{font-size:39px}.elementor-widget-heading .elementor-heading-title.elementor-size-xxl{font-size:59px}<\/style><h1 class=\"elementor-heading-title elementor-size-default\">Mentions l\u00e9gales <\/h1>\t\t<\/div>\n\t\t\t\t<\/div>\n\t\t\t\t<div class=\"elementor-element elementor-element-66d30a6 elementor-widget elementor-widget-text-editor\" data-id=\"66d30a6\" data-element_type=\"widget\" data-widget_type=\"text-editor.default\">\n\t\t\t\t<div class=\"elementor-widget-container\">\n\t\t\t<style>\/*! elementor - v3.18.0 - 20-12-2023 *\/\n.elementor-widget-text-editor.elementor-drop-cap-view-stacked .elementor-drop-cap{background-color:#69727d;color:#fff}.elementor-widget-text-editor.elementor-drop-cap-view-framed .elementor-drop-cap{color:#69727d;border:3px solid;background-color:transparent}.elementor-widget-text-editor:not(.elementor-drop-cap-view-default) .elementor-drop-cap{margin-top:8px}.elementor-widget-text-editor:not(.elementor-drop-cap-view-default) .elementor-drop-cap-letter{width:1em;height:1em}.elementor-widget-text-editor .elementor-drop-cap{float:left;text-align:center;line-height:1;font-size:50px}.elementor-widget-text-editor .elementor-drop-cap-letter{display:inline-block}<\/style>\t\t\t\t<p style=\"text-align: left;\"><strong>Mentions l\u00e9gales<\/strong><br>Nous vous remercions de votre visite sur le site www.mieuxetreetspirituel.com&nbsp;<\/p>\n<p>Vous trouverez ci-dessous notre politique en mati\u00e8re de traitement de donn\u00e9es personnelles. Nous vous engageons vivement \u00e0 la lire, en visitant ce site vous acceptez les pratiques que nous d\u00e9taillons et vous adh\u00e9rez aux termes et conditions \u00e9nonc\u00e9es ci apr\u00e8s.<\/p>\n<p>Le site www.mieuxetreetspirituel.com est destin\u00e9 \u00e0 l\u2019information personnelle des internautes qui l\u2019utilisent.<\/p>\n<p><strong>Informations g\u00e9n\u00e9rales :<\/strong><br>Ce site est propri\u00e9t\u00e9 de LEMARCHAND Pierre-Emmanuel<br>Si\u00e8ge social : 8 rue le verrier 76130 Mont Saint Aignan<br>Ce site a \u00e9t\u00e9 cr\u00e9\u00e9 par : Pierre-Emmanuel LEMARCHAND&nbsp;<br>Ce site est maintenu par : Pierre-Emmanuel LEMARCHAND<br>Contact : 06 61 51 75 65&nbsp;<br>Ce site est h\u00e9berg\u00e9 par : OVH,&nbsp;<\/p>\n<p><strong>Copyright :<\/strong><br>PE LEMARCHAND &nbsp;<\/p>\n<p><strong>Droit applicable<\/strong>&nbsp;:<br>Le site Internet www.mieuxetreetspirituel.com et les pr\u00e9sentes conditions g\u00e9n\u00e9rales sont soumises au droit fran\u00e7ais et sont r\u00e9dig\u00e9es en fran\u00e7ais.<\/p>\n<p>PE LEMARCHAND se r\u00e9serve le droit de modifier les pr\u00e9sentes mentions \u00e0 tout moment. L\u2019utilisateur s\u2019engage \u00e0 la consulter r\u00e9guli\u00e8rement.<\/p>\n<p><strong>Protection des donn\u00e9es personnelles :<\/strong><br>La consultation du site www.mieuxetreetspirituel.com est possible sans que vous ayez \u00e0 r\u00e9v\u00e9ler votre identit\u00e9 ou toute autre information \u00e0 caract\u00e8re personnel vous concernant.<br>PE LEMARCHAND s\u2019engage \u00e0 respecter votre vie priv\u00e9e et \u00e0 prot\u00e9ger les informations que vous lui communiquez. En particulier, les donn\u00e9es personnelles collect\u00e9es sur le site Internet www.mieuxetreetspirituel.com sont destin\u00e9es \u00e0 l\u2019usage interne de Laetitia LEMARCHAND &#8220;Mieux Etre et Sprituel&#8221;. Elles sont confidentielles et trait\u00e9es comme telles.<\/p>\n<p>Concernant les informations \u00e0 caract\u00e8re nominatif que vous seriez amen\u00e9s \u00e0 nous communiquer, vous b\u00e9n\u00e9ficiez d\u2019un droit d\u2019acc\u00e8s et de rectification conform\u00e9ment \u00e0 la loi fran\u00e7aise Informatique et Libert\u00e9 n\u00b0 78-17 du 6 janvier 1978. Vous pouvez exercer ce droit aupr\u00e8s de PE LEMARCHAND \u2013 Adresse : 3317, rue de la Haie, 76230 Bois-Guillaume<br>Si vous \u00eates abonn\u00e9s \u00e0 des services d\u2019information par courrier \u00e9lectronique (&#8220;newsletter&#8221; (service non propos\u00e9 pour l&#8217;instant)) vous pouvez demander \u00e0 ne plus recevoir ces courriers.&nbsp;<\/p>\n<p>Nous vous signalons qu\u2019afin de vous proposer des produits et services toujours plus adapt\u00e9s, certaines informations \u00e0 caract\u00e8re non personnel, relatives \u00e0 votre activit\u00e9 sur ce site, seront automatiquement collect\u00e9es. Ces informations sont destin\u00e9es \u00e0 Laetitia LEMARCHAND et pourront \u00e9galement \u00eatre utilis\u00e9es dans le cadre d\u2019op\u00e9rations commerciales ou de marketing ou servir de base \u00e0 des \u00e9tudes et analyses.<\/p>\n<p>Ces informations ne seront en aucun cas communiqu\u00e9es \u00e0 des tiers. Seul Laetitia LEMARCHAND et PE LEMARCHAND ont acc\u00e8s aux donn\u00e9es.<\/p>\n<p><strong>S\u00e9curit\u00e9 :<\/strong><br>Nous prenons toutes les pr\u00e9cautions utiles afin de pr\u00e9server l\u2019int\u00e9grit\u00e9 des donn\u00e9es, leur confidentialit\u00e9 et emp\u00eacher toute communication \u00e0 des tiers non autoris\u00e9s.<\/p>\n<p><strong>Liens hypertextes :<\/strong><br>La mise en place d\u2019un lien hypertexte vers le site www.mieuxetreetspirituel.com ne n\u00e9cessite pas d\u2019autorisation pr\u00e9alable et \u00e9crite de PE LEMARCHAND ou de Laetitia LEMARCHAND. N\u00e9anmoins, PE LEMARCHAND ou Laetitia LEMARCHAND doit en \u00eatre inform\u00e9 dans un d\u00e9lai maximum de 30 jours apr\u00e8s la mise en place du lien.<\/p>\n<p>En tout \u00e9tat de cause, PE LEMARCHAND ou Laetitia LEMARCHAND n\u2019est en aucun cas tenue responsable du contenu ainsi que des produits ou services propos\u00e9s sur les sites auxquels le site www.mieuxetreetspirituel.com se trouverait li\u00e9 par des liens hypertextes ou tout autre type de lien.<\/p>\n<p><strong>Droits de propri\u00e9t\u00e9 intellectuelle :<\/strong><br>PE LEMARCHAND avise les utilisateurs de ce site que de nombreux \u00e9l\u00e9ments de ce site :<br>a) sont prot\u00e9g\u00e9s par la l\u00e9gislation sur le droit d\u2019auteur : ce peut \u00eatre notamment le cas des photographies, des articles, des dessins, des s\u00e9quences anim\u00e9es,&#8230; ;<br>b) et\/ou sont prot\u00e9g\u00e9s par la l\u00e9gislation sur les dessins et mod\u00e8les ;<br>c) sont prot\u00e9g\u00e9s par la l\u00e9gislation sur les marques.<\/p>\n<p>Les \u00e9l\u00e9ments ainsi prot\u00e9g\u00e9s sont la propri\u00e9t\u00e9 de PE LEMARCHAND ou de tiers ayant autoris\u00e9 PE LEMARCHAND \u00e0 les exploiter.<\/p>\n<p>Toute reproduction, repr\u00e9sentation, utilisation, adaptation, modification, incorporation, traduction, commercialisation, partielles ou int\u00e9grales par quelque proc\u00e9d\u00e9 et sur quelque support que ce soit (papier, num\u00e9rique, &#8230;) sont interdites, sans l\u2019autorisation \u00e9crite pr\u00e9alable de PE LEMARCHAND, hormis les exceptions vis\u00e9es \u00e0 l\u2019article L 122.5 du Code de la Propri\u00e9t\u00e9 Intellectuelle, sous peine de constituer un d\u00e9lit de contrefa\u00e7on de droit d\u2019auteur et\/ou de dessins et mod\u00e8les et\/ou de marque, puni de deux ans d\u2019emprisonnement et de 150 000\u20ac d\u2019amende.<\/p>\n<p><strong>Droits d\u2019auteur et\/ou Droits sur les Dessins et Mod\u00e8les :<\/strong><br>Les photographies, textes, slogans, dessins, images, s\u00e9quences anim\u00e9es sonores ou non ainsi que toutes les oeuvres int\u00e9gr\u00e9es dans le site sont la propri\u00e9t\u00e9 de PE LEMARCHAND ou de tiers ayant autoris\u00e9 PE LEMARCHAND \u00e0 les utiliser.<\/p>\n<p>Les reproductions, sur un support papier ou informatique, dudit site sont autoris\u00e9es sous r\u00e9serve qu\u2019elles soient strictement r\u00e9serv\u00e9es \u00e0 un usage personnel excluant tout usage \u00e0 des fins publicitaires et\/ou commerciales et\/ou d\u2019information et\/ou qu\u2019elles soient conformes aux dispositions de l\u2019article L122-5 du Code de la Propri\u00e9t\u00e9 Intellectuelle.<\/p>\n<p><strong>Informations relatives aux produits et services :<\/strong><br>Dans le cadre d\u2019une politique d\u2019am\u00e9lioration constante de ses produits et services, PE LEMARCHAND peut modifier \u00e0 tout moment les caract\u00e9ristiques de son offre. Les produits et\/ou services pr\u00e9sent\u00e9s sur ce site sont ceux distribu\u00e9s en France m\u00e9tropolitaine.<\/p>\n<p>En tout \u00e9tat de cause, les informations contenues sur ce site sont des informations \u00e0 caract\u00e8re g\u00e9n\u00e9ral et n\u2019ont pas valeur contractuelle.<\/p>\n<p><strong>Limitation de responsabilit\u00e9 :<\/strong><br>Vous utilisez le site www.mieuxetreetspirituel.com sous votre seule et enti\u00e8re responsabilit\u00e9. PE LEMARCHAND ne pourra \u00eatre tenu pour responsable des dommages directs ou indirects, tels que, notamment, pr\u00e9judice mat\u00e9riel, pertes de donn\u00e9es ou de programme, pr\u00e9judice financier, r\u00e9sultant de l\u2019utilisation de ce site ou de sites qui lui sont li\u00e9s.<\/p>\n<p><strong>Mise \u00e0 jour :<\/strong><br>PE LEMARCHAND se r\u00e9serve le droit de modifier et de mettre \u00e0 jour, sans pr\u00e9avis, les pr\u00e9sentes mentions l\u00e9gales et tous les \u00e9l\u00e9ments, produits pr\u00e9sent\u00e9s sur le site. L\u2019ensemble de ces modifications s\u2019impose aux internautes qui doivent consulter les pr\u00e9sentes Conditions G\u00e9n\u00e9rales lors de chaque connexion.<\/p>\n<p><strong>Donn\u00e9es statistiques de suivi :<\/strong><br>Nous utilisons les donn\u00e9es de connexion pour nos statistiques de consultation (type de navigateur, nombre de visiteurs, rubriques visit\u00e9es\u2026) pour l\u2019optimisation de notre site en terme de rubriques et de navigation, mais ces informations ne sont pas transmises \u00e0 des tiers.<\/p>\n<p><strong>La reproduction sur support papier :<\/strong><br>A l\u2019exception de l\u2019iconographie, la reproduction des pages de ce site sur un support papier est autoris\u00e9e, sous r\u00e9serve du respect des trois conditions suivantes :<\/p>\n<p>&#8211; gratuit\u00e9 de la diffusion.<br>&#8211; respect de l\u2019int\u00e9grit\u00e9 des documents reproduits (aucune modification, ni alt\u00e9ration d\u2019aucune sorte).<br>&#8211; citation explicite du site www.mieuxetreetspirituel.com comme source et mention que les droits de reproduction sont r\u00e9serv\u00e9s et strictement limit\u00e9es.<\/p>\t\t\t\t\t\t<\/div>\n\t\t\t\t<\/div>\n\t\t\t\t\t<\/div>\n\t\t<\/div>\n\t\t\t\t\t\t\t<\/div>\n\t\t<\/section>\n\t\t\t\t\t\t\t<\/div>\n\t\t","protected":false},"excerpt":{"rendered":"<p>Mentions l\u00e9gales Mentions l\u00e9galesNous vous remercions de votre visite sur le site www.mieuxetreetspirituel.com&nbsp; Vous trouverez ci-dessous notre politique en mati\u00e8re de traitement de donn\u00e9es personnelles. Nous vous engageons vivement \u00e0 la lire, en visitant ce site vous acceptez les pratiques que nous d\u00e9taillons et vous adh\u00e9rez aux termes et conditions \u00e9nonc\u00e9es ci apr\u00e8s. Le site [&hellip;]<\/p>\n","protected":false},"author":1,"featured_media":0,"parent":0,"menu_order":0,"comment_status":"closed","ping_status":"closed","template":"full-width.php","meta":{"_acf_changed":false,"footnotes":""},"class_list":["post-843","page","type-page","status-publish","hentry"],"acf":[],"yoast_head":"<!-- This site is optimized with the Yoast SEO plugin v24.9 - https:\/\/yoast.com\/wordpress\/plugins\/seo\/ -->\n<title>Mentions l\u00e9gales - Magn\u00e9tiseur Rouen<\/title>\n<meta name=\"robots\" content=\"noindex, nofollow\" \/>\n<meta property=\"og:locale\" content=\"en_US\" \/>\n<meta property=\"og:type\" content=\"article\" \/>\n<meta property=\"og:title\" content=\"Mentions l\u00e9gales - Magn\u00e9tiseur Rouen\" \/>\n<meta property=\"og:description\" content=\"Mentions l\u00e9gales Mentions l\u00e9galesNous vous remercions de votre visite sur le site www.mieuxetreetspirituel.com&nbsp; Vous trouverez ci-dessous notre politique en mati\u00e8re de traitement de donn\u00e9es personnelles. Nous vous engageons vivement \u00e0 la lire, en visitant ce site vous acceptez les pratiques que nous d\u00e9taillons et vous adh\u00e9rez aux termes et conditions \u00e9nonc\u00e9es ci apr\u00e8s. Le site [&hellip;]\" \/>\n<meta property=\"og:url\" content=\"https:\/\/mieuxetreetspirituel.com\/index.php\/mentions-legales\/\" \/>\n<meta property=\"og:site_name\" content=\"Magn\u00e9tiseur Rouen\" \/>\n<meta property=\"article:modified_time\" content=\"2023-03-01T10:08:06+00:00\" \/>\n<meta name=\"twitter:card\" content=\"summary_large_image\" \/>\n<meta name=\"twitter:label1\" content=\"Est. reading time\" \/>\n\t<meta name=\"twitter:data1\" content=\"5 minutes\" \/>\n<script type=\"application\/ld+json\" class=\"yoast-schema-graph\">{\"@context\":\"https:\/\/schema.org\",\"@graph\":[{\"@type\":\"WebPage\",\"@id\":\"https:\/\/mieuxetreetspirituel.com\/index.php\/mentions-legales\/\",\"url\":\"https:\/\/mieuxetreetspirituel.com\/index.php\/mentions-legales\/\",\"name\":\"Mentions l\u00e9gales - Magn\u00e9tiseur Rouen\",\"isPartOf\":{\"@id\":\"https:\/\/mieuxetreetspirituel.com\/#website\"},\"datePublished\":\"2022-03-18T09:37:46+00:00\",\"dateModified\":\"2023-03-01T10:08:06+00:00\",\"breadcrumb\":{\"@id\":\"https:\/\/mieuxetreetspirituel.com\/index.php\/mentions-legales\/#breadcrumb\"},\"inLanguage\":\"en-US\",\"potentialAction\":[{\"@type\":\"ReadAction\",\"target\":[\"https:\/\/mieuxetreetspirituel.com\/index.php\/mentions-legales\/\"]}]},{\"@type\":\"BreadcrumbList\",\"@id\":\"https:\/\/mieuxetreetspirituel.com\/index.php\/mentions-legales\/#breadcrumb\",\"itemListElement\":[{\"@type\":\"ListItem\",\"position\":1,\"name\":\"Accueil\",\"item\":\"https:\/\/mieuxetreetspirituel.com\/\"},{\"@type\":\"ListItem\",\"position\":2,\"name\":\"Mentions l\u00e9gales\"}]},{\"@type\":\"WebSite\",\"@id\":\"https:\/\/mieuxetreetspirituel.com\/#website\",\"url\":\"https:\/\/mieuxetreetspirituel.com\/\",\"name\":\"Magn\u00e9tiseur Rouen\",\"description\":\"Mieux \u00eatre et spirituel \",\"potentialAction\":[{\"@type\":\"SearchAction\",\"target\":{\"@type\":\"EntryPoint\",\"urlTemplate\":\"https:\/\/mieuxetreetspirituel.com\/?s={search_term_string}\"},\"query-input\":{\"@type\":\"PropertyValueSpecification\",\"valueRequired\":true,\"valueName\":\"search_term_string\"}}],\"inLanguage\":\"en-US\"}]}<\/script>\n<!-- \/ Yoast SEO plugin. -->","yoast_head_json":{"title":"Mentions l\u00e9gales - Magn\u00e9tiseur Rouen","robots":{"index":"noindex","follow":"nofollow"},"og_locale":"en_US","og_type":"article","og_title":"Mentions l\u00e9gales - Magn\u00e9tiseur Rouen","og_description":"Mentions l\u00e9gales Mentions l\u00e9galesNous vous remercions de votre visite sur le site www.mieuxetreetspirituel.com&nbsp; Vous trouverez ci-dessous notre politique en mati\u00e8re de traitement de donn\u00e9es personnelles. Nous vous engageons vivement \u00e0 la lire, en visitant ce site vous acceptez les pratiques que nous d\u00e9taillons et vous adh\u00e9rez aux termes et conditions \u00e9nonc\u00e9es ci apr\u00e8s. Le site [&hellip;]","og_url":"https:\/\/mieuxetreetspirituel.com\/index.php\/mentions-legales\/","og_site_name":"Magn\u00e9tiseur Rouen","article_modified_time":"2023-03-01T10:08:06+00:00","twitter_card":"summary_large_image","twitter_misc":{"Est. reading time":"5 minutes"},"schema":{"@context":"https:\/\/schema.org","@graph":[{"@type":"WebPage","@id":"https:\/\/mieuxetreetspirituel.com\/index.php\/mentions-legales\/","url":"https:\/\/mieuxetreetspirituel.com\/index.php\/mentions-legales\/","name":"Mentions l\u00e9gales - Magn\u00e9tiseur Rouen","isPartOf":{"@id":"https:\/\/mieuxetreetspirituel.com\/#website"},"datePublished":"2022-03-18T09:37:46+00:00","dateModified":"2023-03-01T10:08:06+00:00","breadcrumb":{"@id":"https:\/\/mieuxetreetspirituel.com\/index.php\/mentions-legales\/#breadcrumb"},"inLanguage":"en-US","potentialAction":[{"@type":"ReadAction","target":["https:\/\/mieuxetreetspirituel.com\/index.php\/mentions-legales\/"]}]},{"@type":"BreadcrumbList","@id":"https:\/\/mieuxetreetspirituel.com\/index.php\/mentions-legales\/#breadcrumb","itemListElement":[{"@type":"ListItem","position":1,"name":"Accueil","item":"https:\/\/mieuxetreetspirituel.com\/"},{"@type":"ListItem","position":2,"name":"Mentions l\u00e9gales"}]},{"@type":"WebSite","@id":"https:\/\/mieuxetreetspirituel.com\/#website","url":"https:\/\/mieuxetreetspirituel.com\/","name":"Magn\u00e9tiseur Rouen","description":"Mieux \u00eatre et spirituel ","potentialAction":[{"@type":"SearchAction","target":{"@type":"EntryPoint","urlTemplate":"https:\/\/mieuxetreetspirituel.com\/?s={search_term_string}"},"query-input":{"@type":"PropertyValueSpecification","valueRequired":true,"valueName":"search_term_string"}}],"inLanguage":"en-US"}]}},"_links":{"self":[{"href":"https:\/\/mieuxetreetspirituel.com\/index.php\/wp-json\/wp\/v2\/pages\/843","targetHints":{"allow":["GET"]}}],"collection":[{"href":"https:\/\/mieuxetreetspirituel.com\/index.php\/wp-json\/wp\/v2\/pages"}],"about":[{"href":"https:\/\/mieuxetreetspirituel.com\/index.php\/wp-json\/wp\/v2\/types\/page"}],"author":[{"embeddable":true,"href":"https:\/\/mieuxetreetspirituel.com\/index.php\/wp-json\/wp\/v2\/users\/1"}],"replies":[{"embeddable":true,"href":"https:\/\/mieuxetreetspirituel.com\/index.php\/wp-json\/wp\/v2\/comments?post=843"}],"version-history":[{"count":8,"href":"https:\/\/mieuxetreetspirituel.com\/index.php\/wp-json\/wp\/v2\/pages\/843\/revisions"}],"predecessor-version":[{"id":1671,"href":"https:\/\/mieuxetreetspirituel.com\/index.php\/wp-json\/wp\/v2\/pages\/843\/revisions\/1671"}],"wp:attachment":[{"href":"https:\/\/mieuxetreetspirituel.com\/index.php\/wp-json\/wp\/v2\/media?parent=843"}],"curies":[{"name":"wp","href":"https:\/\/api.w.org\/{rel}","templated":true}]}}