{"id":585,"date":"2022-03-15T14:52:47","date_gmt":"2022-03-15T13:52:47","guid":{"rendered":"https:\/\/mieuxetreetspirituel.com\/?page_id=585"},"modified":"2022-05-25T12:38:39","modified_gmt":"2022-05-25T10:38:39","slug":"lithotherapie","status":"publish","type":"page","link":"https:\/\/mieuxetreetspirituel.com\/index.php\/lithotherapie\/","title":{"rendered":"Lithoth\u00e9rapie"},"content":{"rendered":"\t\t<div data-elementor-type=\"wp-page\" data-elementor-id=\"585\" class=\"elementor elementor-585\">\n\t\t\t\t\t\t\t\t\t<section class=\"elementor-section elementor-top-section elementor-element elementor-element-9db3544 elementor-section-boxed elementor-section-height-default elementor-section-height-default\" data-id=\"9db3544\" data-element_type=\"section\" data-settings=\"{&quot;jet_parallax_layout_list&quot;:[{&quot;jet_parallax_layout_image&quot;:{&quot;url&quot;:&quot;&quot;,&quot;id&quot;:&quot;&quot;,&quot;size&quot;:&quot;&quot;},&quot;_id&quot;:&quot;038b014&quot;,&quot;jet_parallax_layout_speed&quot;:{&quot;unit&quot;:&quot;%&quot;,&quot;size&quot;:&quot;50&quot;,&quot;sizes&quot;:[]},&quot;jet_parallax_layout_bg_x&quot;:&quot;50&quot;,&quot;jet_parallax_layout_bg_y&quot;:&quot;50&quot;,&quot;jet_parallax_layout_image_tablet&quot;:{&quot;url&quot;:&quot;&quot;,&quot;id&quot;:&quot;&quot;,&quot;size&quot;:&quot;&quot;},&quot;jet_parallax_layout_image_mobile&quot;:{&quot;url&quot;:&quot;&quot;,&quot;id&quot;:&quot;&quot;,&quot;size&quot;:&quot;&quot;},&quot;jet_parallax_layout_type&quot;:&quot;scroll&quot;,&quot;jet_parallax_layout_direction&quot;:null,&quot;jet_parallax_layout_fx_direction&quot;:null,&quot;jet_parallax_layout_z_index&quot;:&quot;&quot;,&quot;jet_parallax_layout_bg_x_tablet&quot;:&quot;&quot;,&quot;jet_parallax_layout_bg_x_mobile&quot;:&quot;&quot;,&quot;jet_parallax_layout_bg_y_tablet&quot;:&quot;&quot;,&quot;jet_parallax_layout_bg_y_mobile&quot;:&quot;&quot;,&quot;jet_parallax_layout_bg_size&quot;:&quot;auto&quot;,&quot;jet_parallax_layout_bg_size_tablet&quot;:&quot;&quot;,&quot;jet_parallax_layout_bg_size_mobile&quot;:&quot;&quot;,&quot;jet_parallax_layout_animation_prop&quot;:&quot;transform&quot;,&quot;jet_parallax_layout_on&quot;:[&quot;desktop&quot;,&quot;tablet&quot;]}],&quot;background_background&quot;:&quot;classic&quot;}\">\n\t\t\t\t\t\t<div class=\"elementor-container elementor-column-gap-no\">\n\t\t\t\t\t<div class=\"elementor-column elementor-col-50 elementor-top-column elementor-element elementor-element-0cc3836\" data-id=\"0cc3836\" data-element_type=\"column\">\n\t\t\t<div class=\"elementor-widget-wrap elementor-element-populated\">\n\t\t\t\t\t\t\t\t<div class=\"elementor-element elementor-element-979c920 elementor-widget elementor-widget-heading\" data-id=\"979c920\" data-element_type=\"widget\" data-widget_type=\"heading.default\">\n\t\t\t\t<div class=\"elementor-widget-container\">\n\t\t\t<style>\/*! elementor - v3.18.0 - 20-12-2023 *\/\n.elementor-heading-title{padding:0;margin:0;line-height:1}.elementor-widget-heading .elementor-heading-title[class*=elementor-size-]>a{color:inherit;font-size:inherit;line-height:inherit}.elementor-widget-heading .elementor-heading-title.elementor-size-small{font-size:15px}.elementor-widget-heading .elementor-heading-title.elementor-size-medium{font-size:19px}.elementor-widget-heading .elementor-heading-title.elementor-size-large{font-size:29px}.elementor-widget-heading .elementor-heading-title.elementor-size-xl{font-size:39px}.elementor-widget-heading .elementor-heading-title.elementor-size-xxl{font-size:59px}<\/style><h1 class=\"elementor-heading-title elementor-size-default\">La Lithoth\u00e9rapie<\/h1>\t\t<\/div>\n\t\t\t\t<\/div>\n\t\t\t\t<div class=\"elementor-element elementor-element-07f5e53 elementor-widget elementor-widget-text-editor\" data-id=\"07f5e53\" data-element_type=\"widget\" data-widget_type=\"text-editor.default\">\n\t\t\t\t<div class=\"elementor-widget-container\">\n\t\t\t<style>\/*! elementor - v3.18.0 - 20-12-2023 *\/\n.elementor-widget-text-editor.elementor-drop-cap-view-stacked .elementor-drop-cap{background-color:#69727d;color:#fff}.elementor-widget-text-editor.elementor-drop-cap-view-framed .elementor-drop-cap{color:#69727d;border:3px solid;background-color:transparent}.elementor-widget-text-editor:not(.elementor-drop-cap-view-default) .elementor-drop-cap{margin-top:8px}.elementor-widget-text-editor:not(.elementor-drop-cap-view-default) .elementor-drop-cap-letter{width:1em;height:1em}.elementor-widget-text-editor .elementor-drop-cap{float:left;text-align:center;line-height:1;font-size:50px}.elementor-widget-text-editor .elementor-drop-cap-letter{display:inline-block}<\/style>\t\t\t\tLes soins par les pierres s\u2019appellent la lithoth\u00e9rapie, cette approche holistique de soin est bas\u00e9e sur l\u2019influence subtile que peuvent apporter des min\u00e9raux.\t\t\t\t\t\t<\/div>\n\t\t\t\t<\/div>\n\t\t\t\t<div class=\"elementor-element elementor-element-59fef79 elementor-align-center elementor-widget elementor-widget-raven-button\" data-id=\"59fef79\" data-element_type=\"widget\" data-widget_type=\"raven-button.default\">\n\t\t\t\t<div class=\"elementor-widget-container\">\n\t\t\t\t\t<div class=\"raven-widget-wrapper\">\n\t\t\t<a class=\"raven-button raven-button-widget-normal-effect-none raven-button-text-align-center raven-button-link elementor-animation-none\" href=\"https:\/\/mieuxetreetspirituel.com\/index.php\/contact\/\">\n\t\t\t\t<span class=\"raven-button-content\">\n\t\t\t\t\t\n\t\t\t\t\t<div class=\"button-text-container\">\n\t\t\t\t\t\t\t\t\t\t\t\t<div class=\"raven-button-texts-wrapper\">\n\t\t\t\t\t\t\t<div class=\"button-text\">\n\t\t\t\t\t\t\t\t<span class=\"raven-button-text\">\n\t\t\t\t\t\t\t\t\tContactez moi \t\t\t\t\t\t\t\t<\/span>\n\t\t\t\t\t\t\t<\/div>\n\t\t\t\t\t\t\t\t\t\t\t\t\t<\/div>\n\t\t\t\t\t\t\t\t\t\t\t<\/div>\n\t\t\t\t\t\n\t\t\t\t\t\t\t\t\t<\/span>\n\t\t\t<\/a>\n\t\t<\/div>\n\t\t\t\t<\/div>\n\t\t\t\t<\/div>\n\t\t\t\t\t<\/div>\n\t\t<\/div>\n\t\t\t\t<div class=\"elementor-column elementor-col-50 elementor-top-column elementor-element elementor-element-6cf8bc6\" data-id=\"6cf8bc6\" data-element_type=\"column\" data-settings=\"{&quot;background_background&quot;:&quot;classic&quot;}\">\n\t\t\t<div class=\"elementor-widget-wrap\">\n\t\t\t\t\t\t\t\t\t<\/div>\n\t\t<\/div>\n\t\t\t\t\t\t\t<\/div>\n\t\t<\/section>\n\t\t\t\t<section class=\"elementor-section elementor-top-section elementor-element elementor-element-a7350d7 elementor-section-boxed elementor-section-height-default elementor-section-height-default\" data-id=\"a7350d7\" data-element_type=\"section\" data-settings=\"{&quot;jet_parallax_layout_list&quot;:[{&quot;jet_parallax_layout_image&quot;:{&quot;url&quot;:&quot;&quot;,&quot;id&quot;:&quot;&quot;,&quot;size&quot;:&quot;&quot;},&quot;_id&quot;:&quot;4a4225d&quot;,&quot;jet_parallax_layout_speed&quot;:{&quot;unit&quot;:&quot;%&quot;,&quot;size&quot;:&quot;50&quot;,&quot;sizes&quot;:[]},&quot;jet_parallax_layout_bg_x&quot;:&quot;50&quot;,&quot;jet_parallax_layout_bg_y&quot;:&quot;50&quot;,&quot;jet_parallax_layout_image_tablet&quot;:{&quot;url&quot;:&quot;&quot;,&quot;id&quot;:&quot;&quot;,&quot;size&quot;:&quot;&quot;},&quot;jet_parallax_layout_image_mobile&quot;:{&quot;url&quot;:&quot;&quot;,&quot;id&quot;:&quot;&quot;,&quot;size&quot;:&quot;&quot;},&quot;jet_parallax_layout_type&quot;:&quot;scroll&quot;,&quot;jet_parallax_layout_direction&quot;:null,&quot;jet_parallax_layout_fx_direction&quot;:null,&quot;jet_parallax_layout_z_index&quot;:&quot;&quot;,&quot;jet_parallax_layout_bg_x_tablet&quot;:&quot;&quot;,&quot;jet_parallax_layout_bg_x_mobile&quot;:&quot;&quot;,&quot;jet_parallax_layout_bg_y_tablet&quot;:&quot;&quot;,&quot;jet_parallax_layout_bg_y_mobile&quot;:&quot;&quot;,&quot;jet_parallax_layout_bg_size&quot;:&quot;auto&quot;,&quot;jet_parallax_layout_bg_size_tablet&quot;:&quot;&quot;,&quot;jet_parallax_layout_bg_size_mobile&quot;:&quot;&quot;,&quot;jet_parallax_layout_animation_prop&quot;:&quot;transform&quot;,&quot;jet_parallax_layout_on&quot;:[&quot;desktop&quot;,&quot;tablet&quot;]}],&quot;background_background&quot;:&quot;classic&quot;}\">\n\t\t\t\t\t\t<div class=\"elementor-container elementor-column-gap-no\">\n\t\t\t\t\t<div class=\"elementor-column elementor-col-100 elementor-top-column elementor-element elementor-element-5bb52ba\" data-id=\"5bb52ba\" data-element_type=\"column\">\n\t\t\t<div class=\"elementor-widget-wrap elementor-element-populated\">\n\t\t\t\t\t\t\t\t<div class=\"elementor-element elementor-element-e4281f2 elementor-widget elementor-widget-heading\" data-id=\"e4281f2\" data-element_type=\"widget\" data-widget_type=\"heading.default\">\n\t\t\t\t<div class=\"elementor-widget-container\">\n\t\t\t<h2 class=\"elementor-heading-title elementor-size-default\">A quoi sert la Lithoth\u00e9rapie ?<\/h2>\t\t<\/div>\n\t\t\t\t<\/div>\n\t\t\t\t<div class=\"elementor-element elementor-element-c14058f elementor-widget elementor-widget-text-editor\" data-id=\"c14058f\" data-element_type=\"widget\" data-widget_type=\"text-editor.default\">\n\t\t\t\t<div class=\"elementor-widget-container\">\n\t\t\t\t\t\t\t<p style=\"text-align: center;\">Les soins par les pierres s\u2019appellent la lithoth\u00e9rapie, cette approche holistique de soin est bas\u00e9e sur l\u2019influence subtile que peuvent apporter des min\u00e9raux.<\/p><p style=\"text-align: center;\">C\u2019est une m\u00e9thode de soin holistique car elle a une interaction \u00e0 tous les niveaux de l\u2019\u00eatre.<\/p><p style=\"text-align: center;\">L\u2019action se fera sur votre syst\u00e8me d\u2019\u00e9nergies subtiles puis par interaction se transmettra \u00e0 vos autres plans de manifestation qui sont en relation avec le type d\u2019\u00e9nergie de la pierre, au niveau physique, \u00e9motionnel, mental et spirituel.<\/p><p style=\"text-align: center;\">Par exemple, citons le\u00a0<strong>silex\u00a0<\/strong>qui une pierre\u00a0<strong>d\u2019Ancrage<\/strong>, elle PERMET DE VOUS ACCOMPAGNER DANS LE \u00ab\u00a0<strong>ICI ET MAINTENANT<\/strong>\u00a0\u00bb .<\/p><p style=\"text-align: center;\">Si vous infliger des ruminations, vous \u00eates tout sauf dans le moment pr\u00e9sent, cette pierre peut vous aider \u00e0 faire passer un fluide doux et \u00e0 vous ancrer pour une meilleure r\u00e9ception de mes soins.<\/p><p style=\"text-align: center;\">Si vous du mal \u00e0 ressentir des effets rapidement. C\u2019est peut-\u00eatre un \u00e9tat d\u2019esprit qui cr\u00e9\u00e9 une barri\u00e8re de d\u00e9fense \u00e9nerg\u00e9tique qui emp\u00eache d\u2019\u00eatre positivement influenc\u00e9 par les \u00e9nergies b\u00e9n\u00e9fiques des pierres.<\/p><p style=\"text-align: center;\">Apr\u00e8s, tout n\u2019est pas blanc ou noir, tous les degr\u00e9s d\u2019ouverture d\u2019esprit existent, la r\u00e9ceptivit\u00e9 varie aussi fortement en fonction de l\u2019\u00e9tat de l\u2019\u00eatre au moment pr\u00e9sent.<\/p>\t\t\t\t\t\t<\/div>\n\t\t\t\t<\/div>\n\t\t\t\t\t<\/div>\n\t\t<\/div>\n\t\t\t\t\t\t\t<\/div>\n\t\t<\/section>\n\t\t\t\t<section class=\"elementor-section elementor-top-section elementor-element elementor-element-4b383a6 elementor-section-boxed elementor-section-height-default elementor-section-height-default\" data-id=\"4b383a6\" data-element_type=\"section\" data-settings=\"{&quot;jet_parallax_layout_list&quot;:[]}\">\n\t\t\t\t\t\t<div class=\"elementor-container elementor-column-gap-default\">\n\t\t\t\t\t<div class=\"elementor-column elementor-col-100 elementor-top-column elementor-element elementor-element-ecef1eb\" data-id=\"ecef1eb\" data-element_type=\"column\">\n\t\t\t<div class=\"elementor-widget-wrap elementor-element-populated\">\n\t\t\t\t\t\t\t\t<div class=\"elementor-element elementor-element-6805059 elementor-widget elementor-widget-image\" data-id=\"6805059\" data-element_type=\"widget\" data-widget_type=\"image.default\">\n\t\t\t\t<div class=\"elementor-widget-container\">\n\t\t\t<style>\/*! elementor - v3.18.0 - 20-12-2023 *\/\n.elementor-widget-image{text-align:center}.elementor-widget-image a{display:inline-block}.elementor-widget-image a img[src$=\".svg\"]{width:48px}.elementor-widget-image img{vertical-align:middle;display:inline-block}<\/style>\t\t\t\t\t\t\t\t\t\t\t\t<img fetchpriority=\"high\" decoding=\"async\" width=\"284\" height=\"300\" src=\"https:\/\/mieuxetreetspirituel.com\/wp-content\/uploads\/2022\/03\/74493D97-1A81-4600-9003-273C5C0B844A-284x300.png\" class=\"attachment-medium size-medium wp-image-889\" alt=\"\" srcset=\"https:\/\/mieuxetreetspirituel.com\/wp-content\/uploads\/2022\/03\/74493D97-1A81-4600-9003-273C5C0B844A-284x300.png 284w, https:\/\/mieuxetreetspirituel.com\/wp-content\/uploads\/2022\/03\/74493D97-1A81-4600-9003-273C5C0B844A-768x810.png 768w, https:\/\/mieuxetreetspirituel.com\/wp-content\/uploads\/2022\/03\/74493D97-1A81-4600-9003-273C5C0B844A.png 821w\" sizes=\"(max-width: 284px) 100vw, 284px\" \/>\t\t\t\t\t\t\t\t\t\t\t\t\t\t\t<\/div>\n\t\t\t\t<\/div>\n\t\t\t\t\t<\/div>\n\t\t<\/div>\n\t\t\t\t\t\t\t<\/div>\n\t\t<\/section>\n\t\t\t\t<section class=\"elementor-section elementor-top-section elementor-element elementor-element-b26e310 elementor-section-boxed elementor-section-height-default elementor-section-height-default\" data-id=\"b26e310\" data-element_type=\"section\" data-settings=\"{&quot;jet_parallax_layout_list&quot;:[]}\">\n\t\t\t\t\t\t<div class=\"elementor-container elementor-column-gap-default\">\n\t\t\t\t\t<div class=\"elementor-column elementor-col-100 elementor-top-column elementor-element elementor-element-78a2ecf\" data-id=\"78a2ecf\" data-element_type=\"column\">\n\t\t\t<div class=\"elementor-widget-wrap elementor-element-populated\">\n\t\t\t\t\t\t\t\t<div class=\"elementor-element elementor-element-b34c6e1 elementor-widget elementor-widget-heading\" data-id=\"b34c6e1\" data-element_type=\"widget\" data-widget_type=\"heading.default\">\n\t\t\t\t<div class=\"elementor-widget-container\">\n\t\t\t<h2 class=\"elementor-heading-title elementor-size-default\">A quoi sert la lithot\u00e9rapie POUR LES CHAKRAS?<\/h2>\t\t<\/div>\n\t\t\t\t<\/div>\n\t\t\t\t<div class=\"elementor-element elementor-element-fff3fcc elementor-widget elementor-widget-text-editor\" data-id=\"fff3fcc\" data-element_type=\"widget\" data-widget_type=\"text-editor.default\">\n\t\t\t\t<div class=\"elementor-widget-container\">\n\t\t\t\t\t\t\t<p style=\"text-align: center;\">Les soins par les cristaux servent \u00e0 amplifier vos intentions en mati\u00e8re de gu\u00e9rison concernat le mental, physique, emotionnel et spirituel, pour votre mieux-etre.<\/p><p style=\"text-align: center;\">Ils aident \u00e0 l\u2019\u00e9quilibrage des chakras (ci-dessous le tableau explicatif correspondant (chakras, pierres) .<\/p><p style=\"text-align: center;\">Les chakras sont des centres \u00e9nerg\u00e9tique du corps, il assure la r\u00e9gulation de la vitalit\u00e9 physique.<\/p><p style=\"text-align: center;\">Lorsqu\u2019ils sont \u00e9quilibr\u00e9s, vous traitez votre vie de mani\u00e8re harmonieuse.<\/p><p style=\"text-align: center;\">Dans le cas contraire cela a des r\u00e9percutions sur votre vie et vos organes.<\/p><p style=\"text-align: center;\">Je commence la s\u00e9ance en mettant les diff\u00e9rents cristaux et en les d\u00e9posant sur vos chakras concern\u00e9s.<\/p><p style=\"text-align: center;\">Emplacement des sept chakras partant du haut de la t\u00eate vers le bas du corps.<\/p>\t\t\t\t\t\t<\/div>\n\t\t\t\t<\/div>\n\t\t\t\t\t<\/div>\n\t\t<\/div>\n\t\t\t\t\t\t\t<\/div>\n\t\t<\/section>\n\t\t\t\t\t\t\t<\/div>\n\t\t","protected":false},"excerpt":{"rendered":"<p>La Lithoth\u00e9rapie Les soins par les pierres s\u2019appellent la lithoth\u00e9rapie, cette approche holistique de soin est bas\u00e9e sur l\u2019influence subtile que peuvent apporter des min\u00e9raux. Contactez moi A quoi sert la Lithoth\u00e9rapie ? Les soins par les pierres s\u2019appellent la lithoth\u00e9rapie, cette approche holistique de soin est bas\u00e9e sur l\u2019influence subtile que peuvent apporter des [&hellip;]<\/p>\n","protected":false},"author":1,"featured_media":0,"parent":0,"menu_order":0,"comment_status":"closed","ping_status":"closed","template":"full-width.php","meta":{"_acf_changed":false,"footnotes":""},"class_list":["post-585","page","type-page","status-publish","hentry"],"acf":[],"yoast_head":"<!-- This site is optimized with the Yoast SEO plugin v24.9 - https:\/\/yoast.com\/wordpress\/plugins\/seo\/ -->\n<title>Lithoth\u00e9rapie - Magn\u00e9tiseur Rouen<\/title>\n<meta name=\"robots\" content=\"index, follow, max-snippet:-1, max-image-preview:large, max-video-preview:-1\" \/>\n<link rel=\"canonical\" href=\"https:\/\/mieuxetreetspirituel.com\/index.php\/lithotherapie\/\" \/>\n<meta property=\"og:locale\" content=\"en_US\" \/>\n<meta property=\"og:type\" content=\"article\" \/>\n<meta property=\"og:title\" content=\"Lithoth\u00e9rapie - Magn\u00e9tiseur Rouen\" \/>\n<meta property=\"og:description\" content=\"La Lithoth\u00e9rapie Les soins par les pierres s\u2019appellent la lithoth\u00e9rapie, cette approche holistique de soin est bas\u00e9e sur l\u2019influence subtile que peuvent apporter des min\u00e9raux. Contactez moi A quoi sert la Lithoth\u00e9rapie ? Les soins par les pierres s\u2019appellent la lithoth\u00e9rapie, cette approche holistique de soin est bas\u00e9e sur l\u2019influence subtile que peuvent apporter des [&hellip;]\" \/>\n<meta property=\"og:url\" content=\"https:\/\/mieuxetreetspirituel.com\/index.php\/lithotherapie\/\" \/>\n<meta property=\"og:site_name\" content=\"Magn\u00e9tiseur Rouen\" \/>\n<meta property=\"article:modified_time\" content=\"2022-05-25T10:38:39+00:00\" \/>\n<meta property=\"og:image\" content=\"https:\/\/mieuxetreetspirituel.com\/wp-content\/uploads\/2022\/03\/74493D97-1A81-4600-9003-273C5C0B844A-284x300.png\" \/>\n<meta name=\"twitter:card\" content=\"summary_large_image\" \/>\n<meta name=\"twitter:label1\" content=\"Est. reading time\" \/>\n\t<meta name=\"twitter:data1\" content=\"2 minutes\" \/>\n<script type=\"application\/ld+json\" class=\"yoast-schema-graph\">{\"@context\":\"https:\/\/schema.org\",\"@graph\":[{\"@type\":\"WebPage\",\"@id\":\"https:\/\/mieuxetreetspirituel.com\/index.php\/lithotherapie\/\",\"url\":\"https:\/\/mieuxetreetspirituel.com\/index.php\/lithotherapie\/\",\"name\":\"Lithoth\u00e9rapie - Magn\u00e9tiseur Rouen\",\"isPartOf\":{\"@id\":\"https:\/\/mieuxetreetspirituel.com\/#website\"},\"primaryImageOfPage\":{\"@id\":\"https:\/\/mieuxetreetspirituel.com\/index.php\/lithotherapie\/#primaryimage\"},\"image\":{\"@id\":\"https:\/\/mieuxetreetspirituel.com\/index.php\/lithotherapie\/#primaryimage\"},\"thumbnailUrl\":\"https:\/\/mieuxetreetspirituel.com\/wp-content\/uploads\/2022\/03\/74493D97-1A81-4600-9003-273C5C0B844A-284x300.png\",\"datePublished\":\"2022-03-15T13:52:47+00:00\",\"dateModified\":\"2022-05-25T10:38:39+00:00\",\"breadcrumb\":{\"@id\":\"https:\/\/mieuxetreetspirituel.com\/index.php\/lithotherapie\/#breadcrumb\"},\"inLanguage\":\"en-US\",\"potentialAction\":[{\"@type\":\"ReadAction\",\"target\":[\"https:\/\/mieuxetreetspirituel.com\/index.php\/lithotherapie\/\"]}]},{\"@type\":\"ImageObject\",\"inLanguage\":\"en-US\",\"@id\":\"https:\/\/mieuxetreetspirituel.com\/index.php\/lithotherapie\/#primaryimage\",\"url\":\"https:\/\/mieuxetreetspirituel.com\/wp-content\/uploads\/2022\/03\/74493D97-1A81-4600-9003-273C5C0B844A.png\",\"contentUrl\":\"https:\/\/mieuxetreetspirituel.com\/wp-content\/uploads\/2022\/03\/74493D97-1A81-4600-9003-273C5C0B844A.png\",\"width\":821,\"height\":866},{\"@type\":\"BreadcrumbList\",\"@id\":\"https:\/\/mieuxetreetspirituel.com\/index.php\/lithotherapie\/#breadcrumb\",\"itemListElement\":[{\"@type\":\"ListItem\",\"position\":1,\"name\":\"Accueil\",\"item\":\"https:\/\/mieuxetreetspirituel.com\/\"},{\"@type\":\"ListItem\",\"position\":2,\"name\":\"Lithoth\u00e9rapie\"}]},{\"@type\":\"WebSite\",\"@id\":\"https:\/\/mieuxetreetspirituel.com\/#website\",\"url\":\"https:\/\/mieuxetreetspirituel.com\/\",\"name\":\"Magn\u00e9tiseur Rouen\",\"description\":\"Mieux \u00eatre et spirituel \",\"potentialAction\":[{\"@type\":\"SearchAction\",\"target\":{\"@type\":\"EntryPoint\",\"urlTemplate\":\"https:\/\/mieuxetreetspirituel.com\/?s={search_term_string}\"},\"query-input\":{\"@type\":\"PropertyValueSpecification\",\"valueRequired\":true,\"valueName\":\"search_term_string\"}}],\"inLanguage\":\"en-US\"}]}<\/script>\n<!-- \/ Yoast SEO plugin. -->","yoast_head_json":{"title":"Lithoth\u00e9rapie - Magn\u00e9tiseur Rouen","robots":{"index":"index","follow":"follow","max-snippet":"max-snippet:-1","max-image-preview":"max-image-preview:large","max-video-preview":"max-video-preview:-1"},"canonical":"https:\/\/mieuxetreetspirituel.com\/index.php\/lithotherapie\/","og_locale":"en_US","og_type":"article","og_title":"Lithoth\u00e9rapie - Magn\u00e9tiseur Rouen","og_description":"La Lithoth\u00e9rapie Les soins par les pierres s\u2019appellent la lithoth\u00e9rapie, cette approche holistique de soin est bas\u00e9e sur l\u2019influence subtile que peuvent apporter des min\u00e9raux. Contactez moi A quoi sert la Lithoth\u00e9rapie ? Les soins par les pierres s\u2019appellent la lithoth\u00e9rapie, cette approche holistique de soin est bas\u00e9e sur l\u2019influence subtile que peuvent apporter des [&hellip;]","og_url":"https:\/\/mieuxetreetspirituel.com\/index.php\/lithotherapie\/","og_site_name":"Magn\u00e9tiseur Rouen","article_modified_time":"2022-05-25T10:38:39+00:00","og_image":[{"url":"https:\/\/mieuxetreetspirituel.com\/wp-content\/uploads\/2022\/03\/74493D97-1A81-4600-9003-273C5C0B844A-284x300.png","type":"","width":"","height":""}],"twitter_card":"summary_large_image","twitter_misc":{"Est. reading time":"2 minutes"},"schema":{"@context":"https:\/\/schema.org","@graph":[{"@type":"WebPage","@id":"https:\/\/mieuxetreetspirituel.com\/index.php\/lithotherapie\/","url":"https:\/\/mieuxetreetspirituel.com\/index.php\/lithotherapie\/","name":"Lithoth\u00e9rapie - Magn\u00e9tiseur Rouen","isPartOf":{"@id":"https:\/\/mieuxetreetspirituel.com\/#website"},"primaryImageOfPage":{"@id":"https:\/\/mieuxetreetspirituel.com\/index.php\/lithotherapie\/#primaryimage"},"image":{"@id":"https:\/\/mieuxetreetspirituel.com\/index.php\/lithotherapie\/#primaryimage"},"thumbnailUrl":"https:\/\/mieuxetreetspirituel.com\/wp-content\/uploads\/2022\/03\/74493D97-1A81-4600-9003-273C5C0B844A-284x300.png","datePublished":"2022-03-15T13:52:47+00:00","dateModified":"2022-05-25T10:38:39+00:00","breadcrumb":{"@id":"https:\/\/mieuxetreetspirituel.com\/index.php\/lithotherapie\/#breadcrumb"},"inLanguage":"en-US","potentialAction":[{"@type":"ReadAction","target":["https:\/\/mieuxetreetspirituel.com\/index.php\/lithotherapie\/"]}]},{"@type":"ImageObject","inLanguage":"en-US","@id":"https:\/\/mieuxetreetspirituel.com\/index.php\/lithotherapie\/#primaryimage","url":"https:\/\/mieuxetreetspirituel.com\/wp-content\/uploads\/2022\/03\/74493D97-1A81-4600-9003-273C5C0B844A.png","contentUrl":"https:\/\/mieuxetreetspirituel.com\/wp-content\/uploads\/2022\/03\/74493D97-1A81-4600-9003-273C5C0B844A.png","width":821,"height":866},{"@type":"BreadcrumbList","@id":"https:\/\/mieuxetreetspirituel.com\/index.php\/lithotherapie\/#breadcrumb","itemListElement":[{"@type":"ListItem","position":1,"name":"Accueil","item":"https:\/\/mieuxetreetspirituel.com\/"},{"@type":"ListItem","position":2,"name":"Lithoth\u00e9rapie"}]},{"@type":"WebSite","@id":"https:\/\/mieuxetreetspirituel.com\/#website","url":"https:\/\/mieuxetreetspirituel.com\/","name":"Magn\u00e9tiseur Rouen","description":"Mieux \u00eatre et spirituel ","potentialAction":[{"@type":"SearchAction","target":{"@type":"EntryPoint","urlTemplate":"https:\/\/mieuxetreetspirituel.com\/?s={search_term_string}"},"query-input":{"@type":"PropertyValueSpecification","valueRequired":true,"valueName":"search_term_string"}}],"inLanguage":"en-US"}]}},"_links":{"self":[{"href":"https:\/\/mieuxetreetspirituel.com\/index.php\/wp-json\/wp\/v2\/pages\/585","targetHints":{"allow":["GET"]}}],"collection":[{"href":"https:\/\/mieuxetreetspirituel.com\/index.php\/wp-json\/wp\/v2\/pages"}],"about":[{"href":"https:\/\/mieuxetreetspirituel.com\/index.php\/wp-json\/wp\/v2\/types\/page"}],"author":[{"embeddable":true,"href":"https:\/\/mieuxetreetspirituel.com\/index.php\/wp-json\/wp\/v2\/users\/1"}],"replies":[{"embeddable":true,"href":"https:\/\/mieuxetreetspirituel.com\/index.php\/wp-json\/wp\/v2\/comments?post=585"}],"version-history":[{"count":42,"href":"https:\/\/mieuxetreetspirituel.com\/index.php\/wp-json\/wp\/v2\/pages\/585\/revisions"}],"predecessor-version":[{"id":1392,"href":"https:\/\/mieuxetreetspirituel.com\/index.php\/wp-json\/wp\/v2\/pages\/585\/revisions\/1392"}],"wp:attachment":[{"href":"https:\/\/mieuxetreetspirituel.com\/index.php\/wp-json\/wp\/v2\/media?parent=585"}],"curies":[{"name":"wp","href":"https:\/\/api.w.org\/{rel}","templated":true}]}}