{"id":561,"date":"2022-03-15T14:45:42","date_gmt":"2022-03-15T13:45:42","guid":{"rendered":"https:\/\/mieuxetreetspirituel.com\/?page_id=561"},"modified":"2023-03-01T11:21:20","modified_gmt":"2023-03-01T10:21:20","slug":"eft","status":"publish","type":"page","link":"https:\/\/mieuxetreetspirituel.com\/index.php\/eft\/","title":{"rendered":"EFT"},"content":{"rendered":"\t\t<div data-elementor-type=\"wp-page\" data-elementor-id=\"561\" class=\"elementor elementor-561\">\n\t\t\t\t\t\t\t\t\t<section class=\"elementor-section elementor-top-section elementor-element elementor-element-f898cb5 elementor-section-boxed elementor-section-height-default elementor-section-height-default\" data-id=\"f898cb5\" data-element_type=\"section\" data-settings=\"{&quot;jet_parallax_layout_list&quot;:[{&quot;jet_parallax_layout_image&quot;:{&quot;url&quot;:&quot;&quot;,&quot;id&quot;:&quot;&quot;,&quot;size&quot;:&quot;&quot;},&quot;_id&quot;:&quot;038b014&quot;,&quot;jet_parallax_layout_bg_x&quot;:&quot;50&quot;,&quot;jet_parallax_layout_bg_y&quot;:&quot;50&quot;,&quot;jet_parallax_layout_image_tablet&quot;:{&quot;url&quot;:&quot;&quot;,&quot;id&quot;:&quot;&quot;,&quot;size&quot;:&quot;&quot;},&quot;jet_parallax_layout_image_mobile&quot;:{&quot;url&quot;:&quot;&quot;,&quot;id&quot;:&quot;&quot;,&quot;size&quot;:&quot;&quot;},&quot;jet_parallax_layout_speed&quot;:{&quot;unit&quot;:&quot;%&quot;,&quot;size&quot;:50,&quot;sizes&quot;:[]},&quot;jet_parallax_layout_type&quot;:&quot;scroll&quot;,&quot;jet_parallax_layout_direction&quot;:null,&quot;jet_parallax_layout_fx_direction&quot;:null,&quot;jet_parallax_layout_z_index&quot;:&quot;&quot;,&quot;jet_parallax_layout_bg_x_tablet&quot;:&quot;&quot;,&quot;jet_parallax_layout_bg_x_mobile&quot;:&quot;&quot;,&quot;jet_parallax_layout_bg_y_tablet&quot;:&quot;&quot;,&quot;jet_parallax_layout_bg_y_mobile&quot;:&quot;&quot;,&quot;jet_parallax_layout_bg_size&quot;:&quot;auto&quot;,&quot;jet_parallax_layout_bg_size_tablet&quot;:&quot;&quot;,&quot;jet_parallax_layout_bg_size_mobile&quot;:&quot;&quot;,&quot;jet_parallax_layout_animation_prop&quot;:&quot;transform&quot;,&quot;jet_parallax_layout_on&quot;:[&quot;desktop&quot;,&quot;tablet&quot;]}],&quot;background_background&quot;:&quot;classic&quot;}\">\n\t\t\t\t\t\t\t<div class=\"elementor-background-overlay\"><\/div>\n\t\t\t\t\t\t\t<div class=\"elementor-container elementor-column-gap-no\">\n\t\t\t\t\t<div class=\"elementor-column elementor-col-50 elementor-top-column elementor-element elementor-element-e15f8c5\" data-id=\"e15f8c5\" data-element_type=\"column\">\n\t\t\t<div class=\"elementor-widget-wrap elementor-element-populated\">\n\t\t\t\t\t\t\t\t<div class=\"elementor-element elementor-element-df6f9b8 elementor-widget elementor-widget-heading\" data-id=\"df6f9b8\" data-element_type=\"widget\" data-widget_type=\"heading.default\">\n\t\t\t\t<div class=\"elementor-widget-container\">\n\t\t\t<style>\/*! elementor - v3.18.0 - 20-12-2023 *\/\n.elementor-heading-title{padding:0;margin:0;line-height:1}.elementor-widget-heading .elementor-heading-title[class*=elementor-size-]>a{color:inherit;font-size:inherit;line-height:inherit}.elementor-widget-heading .elementor-heading-title.elementor-size-small{font-size:15px}.elementor-widget-heading .elementor-heading-title.elementor-size-medium{font-size:19px}.elementor-widget-heading .elementor-heading-title.elementor-size-large{font-size:29px}.elementor-widget-heading .elementor-heading-title.elementor-size-xl{font-size:39px}.elementor-widget-heading .elementor-heading-title.elementor-size-xxl{font-size:59px}<\/style><h2 class=\"elementor-heading-title elementor-size-default\">L'EFT<\/h2>\t\t<\/div>\n\t\t\t\t<\/div>\n\t\t\t\t<div class=\"elementor-element elementor-element-9dfa634 elementor-widget elementor-widget-text-editor\" data-id=\"9dfa634\" data-element_type=\"widget\" data-widget_type=\"text-editor.default\">\n\t\t\t\t<div class=\"elementor-widget-container\">\n\t\t\t<style>\/*! elementor - v3.18.0 - 20-12-2023 *\/\n.elementor-widget-text-editor.elementor-drop-cap-view-stacked .elementor-drop-cap{background-color:#69727d;color:#fff}.elementor-widget-text-editor.elementor-drop-cap-view-framed .elementor-drop-cap{color:#69727d;border:3px solid;background-color:transparent}.elementor-widget-text-editor:not(.elementor-drop-cap-view-default) .elementor-drop-cap{margin-top:8px}.elementor-widget-text-editor:not(.elementor-drop-cap-view-default) .elementor-drop-cap-letter{width:1em;height:1em}.elementor-widget-text-editor .elementor-drop-cap{float:left;text-align:center;line-height:1;font-size:50px}.elementor-widget-text-editor .elementor-drop-cap-letter{display:inline-block}<\/style>\t\t\t\t<p>L\u2019EFT est outil th\u00e9rapeutique simple qui r\u00e9side sur les principes de la m\u00e9decine traditionnelle chinoise de la digitoponcture (acuponcture par les doigts).<br \/>Technique de lib\u00e9ration \u00e9motionnelle<br \/>L\u2019EFT\u00a0est outil th\u00e9rapeutique simple qui r\u00e9side sur les principes de la m\u00e9decine traditionnelle chinoise de la\u00a0digipression\u00a0(acuponcture par les doigts).<\/p><p>J\u2019utilise certains points de cette technique pour vous apprendre \u00e0 vous g\u00e9rer en autonomie, et ainsi vous permettre de vous relaxer rapidement afin de maintenir l\u2019\u00e9quilibre de votre corps<\/p>\t\t\t\t\t\t<\/div>\n\t\t\t\t<\/div>\n\t\t\t\t\t<\/div>\n\t\t<\/div>\n\t\t\t\t<div class=\"elementor-column elementor-col-50 elementor-top-column elementor-element elementor-element-bc3807f\" data-id=\"bc3807f\" data-element_type=\"column\">\n\t\t\t<div class=\"elementor-widget-wrap\">\n\t\t\t\t\t\t\t\t\t<\/div>\n\t\t<\/div>\n\t\t\t\t\t\t\t<\/div>\n\t\t<\/section>\n\t\t\t\t<section class=\"elementor-section elementor-top-section elementor-element elementor-element-9ad8a7c elementor-section-boxed elementor-section-height-default elementor-section-height-default\" data-id=\"9ad8a7c\" data-element_type=\"section\" data-settings=\"{&quot;jet_parallax_layout_list&quot;:[{&quot;jet_parallax_layout_image&quot;:{&quot;url&quot;:&quot;&quot;,&quot;id&quot;:&quot;&quot;,&quot;size&quot;:&quot;&quot;},&quot;_id&quot;:&quot;4a4225d&quot;,&quot;jet_parallax_layout_speed&quot;:{&quot;unit&quot;:&quot;%&quot;,&quot;size&quot;:&quot;50&quot;,&quot;sizes&quot;:[]},&quot;jet_parallax_layout_bg_x&quot;:&quot;50&quot;,&quot;jet_parallax_layout_bg_y&quot;:&quot;50&quot;,&quot;jet_parallax_layout_image_tablet&quot;:{&quot;url&quot;:&quot;&quot;,&quot;id&quot;:&quot;&quot;,&quot;size&quot;:&quot;&quot;},&quot;jet_parallax_layout_image_mobile&quot;:{&quot;url&quot;:&quot;&quot;,&quot;id&quot;:&quot;&quot;,&quot;size&quot;:&quot;&quot;},&quot;jet_parallax_layout_type&quot;:&quot;scroll&quot;,&quot;jet_parallax_layout_direction&quot;:null,&quot;jet_parallax_layout_fx_direction&quot;:null,&quot;jet_parallax_layout_z_index&quot;:&quot;&quot;,&quot;jet_parallax_layout_bg_x_tablet&quot;:&quot;&quot;,&quot;jet_parallax_layout_bg_x_mobile&quot;:&quot;&quot;,&quot;jet_parallax_layout_bg_y_tablet&quot;:&quot;&quot;,&quot;jet_parallax_layout_bg_y_mobile&quot;:&quot;&quot;,&quot;jet_parallax_layout_bg_size&quot;:&quot;auto&quot;,&quot;jet_parallax_layout_bg_size_tablet&quot;:&quot;&quot;,&quot;jet_parallax_layout_bg_size_mobile&quot;:&quot;&quot;,&quot;jet_parallax_layout_animation_prop&quot;:&quot;transform&quot;,&quot;jet_parallax_layout_on&quot;:[&quot;desktop&quot;,&quot;tablet&quot;]}],&quot;background_background&quot;:&quot;classic&quot;}\">\n\t\t\t\t\t\t<div class=\"elementor-container elementor-column-gap-no\">\n\t\t\t\t\t<div class=\"elementor-column elementor-col-100 elementor-top-column elementor-element elementor-element-8c5529d\" data-id=\"8c5529d\" data-element_type=\"column\">\n\t\t\t<div class=\"elementor-widget-wrap elementor-element-populated\">\n\t\t\t\t\t\t\t\t<div class=\"elementor-element elementor-element-dddf7b5 elementor-widget elementor-widget-heading\" data-id=\"dddf7b5\" data-element_type=\"widget\" data-widget_type=\"heading.default\">\n\t\t\t\t<div class=\"elementor-widget-container\">\n\t\t\t<h2 class=\"elementor-heading-title elementor-size-default\">Comment fonctionne l'EFT ?<\/h2>\t\t<\/div>\n\t\t\t\t<\/div>\n\t\t\t\t<div class=\"elementor-element elementor-element-b27e9dc elementor-widget elementor-widget-text-editor\" data-id=\"b27e9dc\" data-element_type=\"widget\" data-widget_type=\"text-editor.default\">\n\t\t\t\t<div class=\"elementor-widget-container\">\n\t\t\t\t\t\t\t<p>La circulation \u00e9nerg\u00e9tique utilise des m\u00e9ridiens dans notre corps, canaux de circulation (les m\u00eames points sont stimul\u00e9s en acuponcture).<\/p><p>La parole, associ\u00e9e \u00e0 une stimulation sous forme de tapotements, soul\u00e8ve les blocages et permet d\u2019ouvrir des chemins d\u2019auto-gu\u00e9rison.<\/p><p>Les \u00e9motions n\u00e9gatives, attribu\u00e9es \u00e0 un \u00e9v\u00e9nement ou une pens\u00e9e particuli\u00e8re, sont r\u00e9duites consid\u00e9rablement ou disparaissent gr\u00e2ce \u00e0 l\u2019am\u00e9lioration du flot d\u2019\u00e9nergie dans le corps.<\/p>\t\t\t\t\t\t<\/div>\n\t\t\t\t<\/div>\n\t\t\t\t\t<\/div>\n\t\t<\/div>\n\t\t\t\t\t\t\t<\/div>\n\t\t<\/section>\n\t\t\t\t<section class=\"elementor-section elementor-top-section elementor-element elementor-element-c2a9c13 elementor-section-boxed elementor-section-height-default elementor-section-height-default\" data-id=\"c2a9c13\" data-element_type=\"section\" data-settings=\"{&quot;jet_parallax_layout_list&quot;:[]}\">\n\t\t\t\t\t\t<div class=\"elementor-container elementor-column-gap-default\">\n\t\t\t\t\t<div class=\"elementor-column elementor-col-100 elementor-top-column elementor-element elementor-element-f2cd677\" data-id=\"f2cd677\" data-element_type=\"column\">\n\t\t\t<div class=\"elementor-widget-wrap elementor-element-populated\">\n\t\t\t\t\t\t\t\t<div class=\"elementor-element elementor-element-6f06199 elementor-widget elementor-widget-heading\" data-id=\"6f06199\" data-element_type=\"widget\" data-widget_type=\"heading.default\">\n\t\t\t\t<div class=\"elementor-widget-container\">\n\t\t\t<h2 class=\"elementor-heading-title elementor-size-default\">Comment se d\u00e9roule une s\u00e9ance ? <\/h2>\t\t<\/div>\n\t\t\t\t<\/div>\n\t\t\t\t<div class=\"elementor-element elementor-element-ac84192 elementor-widget elementor-widget-text-editor\" data-id=\"ac84192\" data-element_type=\"widget\" data-widget_type=\"text-editor.default\">\n\t\t\t\t<div class=\"elementor-widget-container\">\n\t\t\t\t\t\t\t<p><br \/>Nous commen\u00e7ons par faire connaissance par le biais d\u2019un entretien o\u00f9 vous d\u00e9crivez ce qui vous pr\u00e9occupe.<\/p><p><br \/>Ensemble, nous identifions votre probl\u00e8me (\u00e9motion n\u00e9gative ou douleur physique) pour d\u00e9couvrir l\u2019origine de celui-ci.<\/p><p>Nous effectuons des s\u00e9ries de rondes de tapotements sur diff\u00e9rents points situ\u00e9s sur votre corps (t\u00eate et buste)<\/p><p><br \/>Je vous apprends de petits exercices afin que vous puissiez repartir avec cet outil et l\u2019appliquer en autonomie par la suite.<\/p><p><br \/>Par exemple, sur la photo ci-contre, je vous pr\u00e9sente le Point d&#8217;Urgence. Vous pouvez le stimuler pour vous aider \u00e0 retrouver rapidement votre calme.<\/p>\t\t\t\t\t\t<\/div>\n\t\t\t\t<\/div>\n\t\t\t\t\t<\/div>\n\t\t<\/div>\n\t\t\t\t\t\t\t<\/div>\n\t\t<\/section>\n\t\t\t\t\t\t\t<\/div>\n\t\t","protected":false},"excerpt":{"rendered":"<p>L&#8217;EFT L\u2019EFT est outil th\u00e9rapeutique simple qui r\u00e9side sur les principes de la m\u00e9decine traditionnelle chinoise de la digitoponcture (acuponcture par les doigts).Technique de lib\u00e9ration \u00e9motionnelleL\u2019EFT\u00a0est outil th\u00e9rapeutique simple qui r\u00e9side sur les principes de la m\u00e9decine traditionnelle chinoise de la\u00a0digipression\u00a0(acuponcture par les doigts). J\u2019utilise certains points de cette technique pour vous apprendre \u00e0 vous [&hellip;]<\/p>\n","protected":false},"author":1,"featured_media":0,"parent":0,"menu_order":0,"comment_status":"closed","ping_status":"closed","template":"full-width.php","meta":{"_acf_changed":false,"footnotes":""},"class_list":["post-561","page","type-page","status-publish","hentry"],"acf":[],"yoast_head":"<!-- This site is optimized with the Yoast SEO plugin v24.9 - https:\/\/yoast.com\/wordpress\/plugins\/seo\/ -->\n<title>EFT - Magn\u00e9tiseur Rouen<\/title>\n<meta name=\"robots\" content=\"index, follow, max-snippet:-1, max-image-preview:large, max-video-preview:-1\" \/>\n<link rel=\"canonical\" href=\"https:\/\/mieuxetreetspirituel.com\/index.php\/eft\/\" \/>\n<meta property=\"og:locale\" content=\"en_US\" \/>\n<meta property=\"og:type\" content=\"article\" \/>\n<meta property=\"og:title\" content=\"EFT - Magn\u00e9tiseur Rouen\" \/>\n<meta property=\"og:description\" content=\"L&#8217;EFT L\u2019EFT est outil th\u00e9rapeutique simple qui r\u00e9side sur les principes de la m\u00e9decine traditionnelle chinoise de la digitoponcture (acuponcture par les doigts).Technique de lib\u00e9ration \u00e9motionnelleL\u2019EFT\u00a0est outil th\u00e9rapeutique simple qui r\u00e9side sur les principes de la m\u00e9decine traditionnelle chinoise de la\u00a0digipression\u00a0(acuponcture par les doigts). J\u2019utilise certains points de cette technique pour vous apprendre \u00e0 vous [&hellip;]\" \/>\n<meta property=\"og:url\" content=\"https:\/\/mieuxetreetspirituel.com\/index.php\/eft\/\" \/>\n<meta property=\"og:site_name\" content=\"Magn\u00e9tiseur Rouen\" \/>\n<meta property=\"article:modified_time\" content=\"2023-03-01T10:21:20+00:00\" \/>\n<meta name=\"twitter:card\" content=\"summary_large_image\" \/>\n<meta name=\"twitter:label1\" content=\"Est. reading time\" \/>\n\t<meta name=\"twitter:data1\" content=\"2 minutes\" \/>\n<script type=\"application\/ld+json\" class=\"yoast-schema-graph\">{\"@context\":\"https:\/\/schema.org\",\"@graph\":[{\"@type\":\"WebPage\",\"@id\":\"https:\/\/mieuxetreetspirituel.com\/index.php\/eft\/\",\"url\":\"https:\/\/mieuxetreetspirituel.com\/index.php\/eft\/\",\"name\":\"EFT - Magn\u00e9tiseur Rouen\",\"isPartOf\":{\"@id\":\"https:\/\/mieuxetreetspirituel.com\/#website\"},\"datePublished\":\"2022-03-15T13:45:42+00:00\",\"dateModified\":\"2023-03-01T10:21:20+00:00\",\"breadcrumb\":{\"@id\":\"https:\/\/mieuxetreetspirituel.com\/index.php\/eft\/#breadcrumb\"},\"inLanguage\":\"en-US\",\"potentialAction\":[{\"@type\":\"ReadAction\",\"target\":[\"https:\/\/mieuxetreetspirituel.com\/index.php\/eft\/\"]}]},{\"@type\":\"BreadcrumbList\",\"@id\":\"https:\/\/mieuxetreetspirituel.com\/index.php\/eft\/#breadcrumb\",\"itemListElement\":[{\"@type\":\"ListItem\",\"position\":1,\"name\":\"Accueil\",\"item\":\"https:\/\/mieuxetreetspirituel.com\/\"},{\"@type\":\"ListItem\",\"position\":2,\"name\":\"EFT\"}]},{\"@type\":\"WebSite\",\"@id\":\"https:\/\/mieuxetreetspirituel.com\/#website\",\"url\":\"https:\/\/mieuxetreetspirituel.com\/\",\"name\":\"Magn\u00e9tiseur Rouen\",\"description\":\"Mieux \u00eatre et spirituel \",\"potentialAction\":[{\"@type\":\"SearchAction\",\"target\":{\"@type\":\"EntryPoint\",\"urlTemplate\":\"https:\/\/mieuxetreetspirituel.com\/?s={search_term_string}\"},\"query-input\":{\"@type\":\"PropertyValueSpecification\",\"valueRequired\":true,\"valueName\":\"search_term_string\"}}],\"inLanguage\":\"en-US\"}]}<\/script>\n<!-- \/ Yoast SEO plugin. -->","yoast_head_json":{"title":"EFT - Magn\u00e9tiseur Rouen","robots":{"index":"index","follow":"follow","max-snippet":"max-snippet:-1","max-image-preview":"max-image-preview:large","max-video-preview":"max-video-preview:-1"},"canonical":"https:\/\/mieuxetreetspirituel.com\/index.php\/eft\/","og_locale":"en_US","og_type":"article","og_title":"EFT - Magn\u00e9tiseur Rouen","og_description":"L&#8217;EFT L\u2019EFT est outil th\u00e9rapeutique simple qui r\u00e9side sur les principes de la m\u00e9decine traditionnelle chinoise de la digitoponcture (acuponcture par les doigts).Technique de lib\u00e9ration \u00e9motionnelleL\u2019EFT\u00a0est outil th\u00e9rapeutique simple qui r\u00e9side sur les principes de la m\u00e9decine traditionnelle chinoise de la\u00a0digipression\u00a0(acuponcture par les doigts). J\u2019utilise certains points de cette technique pour vous apprendre \u00e0 vous [&hellip;]","og_url":"https:\/\/mieuxetreetspirituel.com\/index.php\/eft\/","og_site_name":"Magn\u00e9tiseur Rouen","article_modified_time":"2023-03-01T10:21:20+00:00","twitter_card":"summary_large_image","twitter_misc":{"Est. reading time":"2 minutes"},"schema":{"@context":"https:\/\/schema.org","@graph":[{"@type":"WebPage","@id":"https:\/\/mieuxetreetspirituel.com\/index.php\/eft\/","url":"https:\/\/mieuxetreetspirituel.com\/index.php\/eft\/","name":"EFT - Magn\u00e9tiseur Rouen","isPartOf":{"@id":"https:\/\/mieuxetreetspirituel.com\/#website"},"datePublished":"2022-03-15T13:45:42+00:00","dateModified":"2023-03-01T10:21:20+00:00","breadcrumb":{"@id":"https:\/\/mieuxetreetspirituel.com\/index.php\/eft\/#breadcrumb"},"inLanguage":"en-US","potentialAction":[{"@type":"ReadAction","target":["https:\/\/mieuxetreetspirituel.com\/index.php\/eft\/"]}]},{"@type":"BreadcrumbList","@id":"https:\/\/mieuxetreetspirituel.com\/index.php\/eft\/#breadcrumb","itemListElement":[{"@type":"ListItem","position":1,"name":"Accueil","item":"https:\/\/mieuxetreetspirituel.com\/"},{"@type":"ListItem","position":2,"name":"EFT"}]},{"@type":"WebSite","@id":"https:\/\/mieuxetreetspirituel.com\/#website","url":"https:\/\/mieuxetreetspirituel.com\/","name":"Magn\u00e9tiseur Rouen","description":"Mieux \u00eatre et spirituel ","potentialAction":[{"@type":"SearchAction","target":{"@type":"EntryPoint","urlTemplate":"https:\/\/mieuxetreetspirituel.com\/?s={search_term_string}"},"query-input":{"@type":"PropertyValueSpecification","valueRequired":true,"valueName":"search_term_string"}}],"inLanguage":"en-US"}]}},"_links":{"self":[{"href":"https:\/\/mieuxetreetspirituel.com\/index.php\/wp-json\/wp\/v2\/pages\/561","targetHints":{"allow":["GET"]}}],"collection":[{"href":"https:\/\/mieuxetreetspirituel.com\/index.php\/wp-json\/wp\/v2\/pages"}],"about":[{"href":"https:\/\/mieuxetreetspirituel.com\/index.php\/wp-json\/wp\/v2\/types\/page"}],"author":[{"embeddable":true,"href":"https:\/\/mieuxetreetspirituel.com\/index.php\/wp-json\/wp\/v2\/users\/1"}],"replies":[{"embeddable":true,"href":"https:\/\/mieuxetreetspirituel.com\/index.php\/wp-json\/wp\/v2\/comments?post=561"}],"version-history":[{"count":39,"href":"https:\/\/mieuxetreetspirituel.com\/index.php\/wp-json\/wp\/v2\/pages\/561\/revisions"}],"predecessor-version":[{"id":1693,"href":"https:\/\/mieuxetreetspirituel.com\/index.php\/wp-json\/wp\/v2\/pages\/561\/revisions\/1693"}],"wp:attachment":[{"href":"https:\/\/mieuxetreetspirituel.com\/index.php\/wp-json\/wp\/v2\/media?parent=561"}],"curies":[{"name":"wp","href":"https:\/\/api.w.org\/{rel}","templated":true}]}}