{"id":524,"date":"2022-03-15T14:34:46","date_gmt":"2022-03-15T13:34:46","guid":{"rendered":"https:\/\/mieuxetreetspirituel.com\/?page_id=524"},"modified":"2023-03-01T11:16:24","modified_gmt":"2023-03-01T10:16:24","slug":"bols-de-cristal","status":"publish","type":"page","link":"https:\/\/mieuxetreetspirituel.com\/index.php\/bols-de-cristal\/","title":{"rendered":"Bols de cristal"},"content":{"rendered":"\t\t<div data-elementor-type=\"wp-page\" data-elementor-id=\"524\" class=\"elementor elementor-524\">\n\t\t\t\t\t\t\t\t\t<section class=\"elementor-section elementor-top-section elementor-element elementor-element-e9f3137 elementor-section-boxed elementor-section-height-default elementor-section-height-default\" data-id=\"e9f3137\" data-element_type=\"section\" data-settings=\"{&quot;jet_parallax_layout_list&quot;:[{&quot;jet_parallax_layout_image&quot;:{&quot;url&quot;:&quot;&quot;,&quot;id&quot;:&quot;&quot;,&quot;size&quot;:&quot;&quot;},&quot;_id&quot;:&quot;038b014&quot;,&quot;jet_parallax_layout_bg_x&quot;:&quot;50&quot;,&quot;jet_parallax_layout_bg_y&quot;:&quot;50&quot;,&quot;jet_parallax_layout_image_tablet&quot;:{&quot;url&quot;:&quot;&quot;,&quot;id&quot;:&quot;&quot;,&quot;size&quot;:&quot;&quot;},&quot;jet_parallax_layout_image_mobile&quot;:{&quot;url&quot;:&quot;&quot;,&quot;id&quot;:&quot;&quot;,&quot;size&quot;:&quot;&quot;},&quot;jet_parallax_layout_speed&quot;:{&quot;unit&quot;:&quot;%&quot;,&quot;size&quot;:50,&quot;sizes&quot;:[]},&quot;jet_parallax_layout_type&quot;:&quot;scroll&quot;,&quot;jet_parallax_layout_direction&quot;:null,&quot;jet_parallax_layout_fx_direction&quot;:null,&quot;jet_parallax_layout_z_index&quot;:&quot;&quot;,&quot;jet_parallax_layout_bg_x_tablet&quot;:&quot;&quot;,&quot;jet_parallax_layout_bg_x_mobile&quot;:&quot;&quot;,&quot;jet_parallax_layout_bg_y_tablet&quot;:&quot;&quot;,&quot;jet_parallax_layout_bg_y_mobile&quot;:&quot;&quot;,&quot;jet_parallax_layout_bg_size&quot;:&quot;auto&quot;,&quot;jet_parallax_layout_bg_size_tablet&quot;:&quot;&quot;,&quot;jet_parallax_layout_bg_size_mobile&quot;:&quot;&quot;,&quot;jet_parallax_layout_animation_prop&quot;:&quot;transform&quot;,&quot;jet_parallax_layout_on&quot;:[&quot;desktop&quot;,&quot;tablet&quot;]}],&quot;background_background&quot;:&quot;classic&quot;}\">\n\t\t\t\t\t\t\t<div class=\"elementor-background-overlay\"><\/div>\n\t\t\t\t\t\t\t<div class=\"elementor-container elementor-column-gap-no\">\n\t\t\t\t\t<div class=\"elementor-column elementor-col-50 elementor-top-column elementor-element elementor-element-c8eece0\" data-id=\"c8eece0\" data-element_type=\"column\">\n\t\t\t<div class=\"elementor-widget-wrap elementor-element-populated\">\n\t\t\t\t\t\t\t\t<div class=\"elementor-element elementor-element-bd8fd73 elementor-widget elementor-widget-heading\" data-id=\"bd8fd73\" data-element_type=\"widget\" data-widget_type=\"heading.default\">\n\t\t\t\t<div class=\"elementor-widget-container\">\n\t\t\t<style>\/*! elementor - v3.18.0 - 20-12-2023 *\/\n.elementor-heading-title{padding:0;margin:0;line-height:1}.elementor-widget-heading .elementor-heading-title[class*=elementor-size-]>a{color:inherit;font-size:inherit;line-height:inherit}.elementor-widget-heading .elementor-heading-title.elementor-size-small{font-size:15px}.elementor-widget-heading .elementor-heading-title.elementor-size-medium{font-size:19px}.elementor-widget-heading .elementor-heading-title.elementor-size-large{font-size:29px}.elementor-widget-heading .elementor-heading-title.elementor-size-xl{font-size:39px}.elementor-widget-heading .elementor-heading-title.elementor-size-xxl{font-size:59px}<\/style><h2 class=\"elementor-heading-title elementor-size-default\">Bols de cristal<\/h2>\t\t<\/div>\n\t\t\t\t<\/div>\n\t\t\t\t<div class=\"elementor-element elementor-element-959dd9c elementor-widget elementor-widget-text-editor\" data-id=\"959dd9c\" data-element_type=\"widget\" data-widget_type=\"text-editor.default\">\n\t\t\t\t<div class=\"elementor-widget-container\">\n\t\t\t<style>\/*! elementor - v3.18.0 - 20-12-2023 *\/\n.elementor-widget-text-editor.elementor-drop-cap-view-stacked .elementor-drop-cap{background-color:#69727d;color:#fff}.elementor-widget-text-editor.elementor-drop-cap-view-framed .elementor-drop-cap{color:#69727d;border:3px solid;background-color:transparent}.elementor-widget-text-editor:not(.elementor-drop-cap-view-default) .elementor-drop-cap{margin-top:8px}.elementor-widget-text-editor:not(.elementor-drop-cap-view-default) .elementor-drop-cap-letter{width:1em;height:1em}.elementor-widget-text-editor .elementor-drop-cap{float:left;text-align:center;line-height:1;font-size:50px}.elementor-widget-text-editor .elementor-drop-cap-letter{display:inline-block}<\/style>\t\t\t\t<p>Les Sons d&#8217;un bol de cristal chantant invitent \u00e0 reharmoniser vos vies d\u00e9saccord\u00e9es, la particularit\u00e9 \u00e9nerg\u00e9tique de leurs sons enveloppe l\u2019int\u00e9gralit\u00e9 du corps. Ils \u00e9l\u00e8vent le taux vibratoire et \u00e9veillent \u00e0 des \u00e9tats de l\u2019\u00eatre calme et centr\u00e9.<\/p>\t\t\t\t\t\t<\/div>\n\t\t\t\t<\/div>\n\t\t\t\t\t<\/div>\n\t\t<\/div>\n\t\t\t\t<div class=\"elementor-column elementor-col-50 elementor-top-column elementor-element elementor-element-0468745\" data-id=\"0468745\" data-element_type=\"column\">\n\t\t\t<div class=\"elementor-widget-wrap\">\n\t\t\t\t\t\t\t\t\t<\/div>\n\t\t<\/div>\n\t\t\t\t\t\t\t<\/div>\n\t\t<\/section>\n\t\t\t\t<section class=\"elementor-section elementor-top-section elementor-element elementor-element-9ab635f elementor-section-boxed elementor-section-height-default elementor-section-height-default\" data-id=\"9ab635f\" data-element_type=\"section\" data-settings=\"{&quot;jet_parallax_layout_list&quot;:[{&quot;jet_parallax_layout_image&quot;:{&quot;url&quot;:&quot;&quot;,&quot;id&quot;:&quot;&quot;,&quot;size&quot;:&quot;&quot;},&quot;_id&quot;:&quot;4a4225d&quot;,&quot;jet_parallax_layout_speed&quot;:{&quot;unit&quot;:&quot;%&quot;,&quot;size&quot;:&quot;50&quot;,&quot;sizes&quot;:[]},&quot;jet_parallax_layout_bg_x&quot;:&quot;50&quot;,&quot;jet_parallax_layout_bg_y&quot;:&quot;50&quot;,&quot;jet_parallax_layout_image_tablet&quot;:{&quot;url&quot;:&quot;&quot;,&quot;id&quot;:&quot;&quot;,&quot;size&quot;:&quot;&quot;},&quot;jet_parallax_layout_image_mobile&quot;:{&quot;url&quot;:&quot;&quot;,&quot;id&quot;:&quot;&quot;,&quot;size&quot;:&quot;&quot;},&quot;jet_parallax_layout_type&quot;:&quot;scroll&quot;,&quot;jet_parallax_layout_direction&quot;:null,&quot;jet_parallax_layout_fx_direction&quot;:null,&quot;jet_parallax_layout_z_index&quot;:&quot;&quot;,&quot;jet_parallax_layout_bg_x_tablet&quot;:&quot;&quot;,&quot;jet_parallax_layout_bg_x_mobile&quot;:&quot;&quot;,&quot;jet_parallax_layout_bg_y_tablet&quot;:&quot;&quot;,&quot;jet_parallax_layout_bg_y_mobile&quot;:&quot;&quot;,&quot;jet_parallax_layout_bg_size&quot;:&quot;auto&quot;,&quot;jet_parallax_layout_bg_size_tablet&quot;:&quot;&quot;,&quot;jet_parallax_layout_bg_size_mobile&quot;:&quot;&quot;,&quot;jet_parallax_layout_animation_prop&quot;:&quot;transform&quot;,&quot;jet_parallax_layout_on&quot;:[&quot;desktop&quot;,&quot;tablet&quot;]}],&quot;background_background&quot;:&quot;classic&quot;}\">\n\t\t\t\t\t\t<div class=\"elementor-container elementor-column-gap-no\">\n\t\t\t\t\t<div class=\"elementor-column elementor-col-100 elementor-top-column elementor-element elementor-element-3d4840e\" data-id=\"3d4840e\" data-element_type=\"column\">\n\t\t\t<div class=\"elementor-widget-wrap elementor-element-populated\">\n\t\t\t\t\t\t\t\t<div class=\"elementor-element elementor-element-d20e787 elementor-widget elementor-widget-heading\" data-id=\"d20e787\" data-element_type=\"widget\" data-widget_type=\"heading.default\">\n\t\t\t\t<div class=\"elementor-widget-container\">\n\t\t\t<h2 class=\"elementor-heading-title elementor-size-default\">Bols de cristal chantants qui harmonisent<\/h2>\t\t<\/div>\n\t\t\t\t<\/div>\n\t\t\t\t<div class=\"elementor-element elementor-element-17f05ff elementor-widget elementor-widget-text-editor\" data-id=\"17f05ff\" data-element_type=\"widget\" data-widget_type=\"text-editor.default\">\n\t\t\t\t<div class=\"elementor-widget-container\">\n\t\t\t\t\t\t\t<p>Les bols de cristal harmonisent les \u00e9tats affectifs et d\u00e9tendent profond\u00e9ment le corps &amp;amp; l\u2019esprit !<br \/>Le bol de cristal chantant permet au cerveau de passer rapidement dans des vibrations plus hautes . Lorsque les ondes c\u00e9r\u00e9brales sont en mode alpha, le syst\u00e8me nerveux \u00ab se d\u00e9tend \u00bb. Ceci permet de dissoudre les tensions et de renforcer le syst\u00e8me immunitaire.<\/p><p>Ce ph\u00e9nom\u00e8ne s\u2019appuie sur les propri\u00e9t\u00e9s du son qui r\u00e9sonne dans tous le corps. Les fr\u00e9quences sonores des bols favorisent un \u00e9tat de\u00a0relaxation profonde<br \/>Ils ralentissent la respiration et le rythme cardiaque ainsi que la pression art\u00e9rielle. Ceci permet d\u2019acc\u00e9der \u00e0 un profond\u00a0\u00ab l\u00e2cher prise \u00bb\u00a0tant physique que mental &amp;amp; psychique. Face aux rythmes soutenues de la vie, ils sont devenus des instruments de qualit\u00e9 pour un mieux-\u00eatre essentiel \u00e0 la sant\u00e9. \u00a0<br \/>Le simple fait d\u2019apaiser un mental galopant, de se d\u00e9tendre en profondeur et faire entrer les Sons des bols de cristal permet de contacter en soi le plus intime de notre \u00eatre.<\/p><p>Ces Sons si singuliers mobilisent l\u2019aptitude \u00e0 l\u2019auto-gu\u00e9rison et lib\u00e8re les \u00e9nergies cr\u00e9atrices. Chez les personnes r\u00e9ceptives, ils ouvrent \u00e0 une sensation d\u2019\u00eatre reli\u00e9 \u00e0 l\u2019harmonisation du corps, des \u00e9motions et des pens\u00e9es tout en procurant un bien \u00eatre global.<\/p>\t\t\t\t\t\t<\/div>\n\t\t\t\t<\/div>\n\t\t\t\t\t<\/div>\n\t\t<\/div>\n\t\t\t\t\t\t\t<\/div>\n\t\t<\/section>\n\t\t\t\t<section class=\"elementor-section elementor-top-section elementor-element elementor-element-32cb8a6 elementor-section-boxed elementor-section-height-default elementor-section-height-default\" data-id=\"32cb8a6\" data-element_type=\"section\" data-settings=\"{&quot;jet_parallax_layout_list&quot;:[]}\">\n\t\t\t\t\t\t<div class=\"elementor-container elementor-column-gap-default\">\n\t\t\t\t\t<div class=\"elementor-column elementor-col-100 elementor-top-column elementor-element elementor-element-5940b99\" data-id=\"5940b99\" data-element_type=\"column\">\n\t\t\t<div class=\"elementor-widget-wrap elementor-element-populated\">\n\t\t\t\t\t\t\t\t<div class=\"elementor-element elementor-element-b2d407b elementor-widget elementor-widget-image\" data-id=\"b2d407b\" data-element_type=\"widget\" data-widget_type=\"image.default\">\n\t\t\t\t<div class=\"elementor-widget-container\">\n\t\t\t<style>\/*! elementor - v3.18.0 - 20-12-2023 *\/\n.elementor-widget-image{text-align:center}.elementor-widget-image a{display:inline-block}.elementor-widget-image a img[src$=\".svg\"]{width:48px}.elementor-widget-image img{vertical-align:middle;display:inline-block}<\/style>\t\t\t\t\t\t\t\t\t\t\t\t<img fetchpriority=\"high\" decoding=\"async\" width=\"828\" height=\"873\" src=\"https:\/\/mieuxetreetspirituel.com\/wp-content\/uploads\/2022\/03\/F8C6F137-FFB2-46D8-877B-4F3CF9EC562A.png\" class=\"attachment-large size-large wp-image-887\" alt=\"\" srcset=\"https:\/\/mieuxetreetspirituel.com\/wp-content\/uploads\/2022\/03\/F8C6F137-FFB2-46D8-877B-4F3CF9EC562A.png 828w, https:\/\/mieuxetreetspirituel.com\/wp-content\/uploads\/2022\/03\/F8C6F137-FFB2-46D8-877B-4F3CF9EC562A-285x300.png 285w, https:\/\/mieuxetreetspirituel.com\/wp-content\/uploads\/2022\/03\/F8C6F137-FFB2-46D8-877B-4F3CF9EC562A-768x810.png 768w\" sizes=\"(max-width: 828px) 100vw, 828px\" \/>\t\t\t\t\t\t\t\t\t\t\t\t\t\t\t<\/div>\n\t\t\t\t<\/div>\n\t\t\t\t\t<\/div>\n\t\t<\/div>\n\t\t\t\t\t\t\t<\/div>\n\t\t<\/section>\n\t\t\t\t\t\t\t<\/div>\n\t\t","protected":false},"excerpt":{"rendered":"<p>Bols de cristal Les Sons d&#8217;un bol de cristal chantant invitent \u00e0 reharmoniser vos vies d\u00e9saccord\u00e9es, la particularit\u00e9 \u00e9nerg\u00e9tique de leurs sons enveloppe l\u2019int\u00e9gralit\u00e9 du corps. Ils \u00e9l\u00e8vent le taux vibratoire et \u00e9veillent \u00e0 des \u00e9tats de l\u2019\u00eatre calme et centr\u00e9. Bols de cristal chantants qui harmonisent Les bols de cristal harmonisent les \u00e9tats affectifs [&hellip;]<\/p>\n","protected":false},"author":1,"featured_media":0,"parent":0,"menu_order":0,"comment_status":"closed","ping_status":"closed","template":"full-width.php","meta":{"_acf_changed":false,"footnotes":""},"class_list":["post-524","page","type-page","status-publish","hentry"],"acf":[],"yoast_head":"<!-- This site is optimized with the Yoast SEO plugin v24.9 - https:\/\/yoast.com\/wordpress\/plugins\/seo\/ -->\n<title>Bols de cristal - Magn\u00e9tiseur Rouen<\/title>\n<meta name=\"robots\" content=\"index, follow, max-snippet:-1, max-image-preview:large, max-video-preview:-1\" \/>\n<link rel=\"canonical\" href=\"https:\/\/mieuxetreetspirituel.com\/index.php\/bols-de-cristal\/\" \/>\n<meta property=\"og:locale\" content=\"en_US\" \/>\n<meta property=\"og:type\" content=\"article\" \/>\n<meta property=\"og:title\" content=\"Bols de cristal - Magn\u00e9tiseur Rouen\" \/>\n<meta property=\"og:description\" content=\"Bols de cristal Les Sons d&#8217;un bol de cristal chantant invitent \u00e0 reharmoniser vos vies d\u00e9saccord\u00e9es, la particularit\u00e9 \u00e9nerg\u00e9tique de leurs sons enveloppe l\u2019int\u00e9gralit\u00e9 du corps. Ils \u00e9l\u00e8vent le taux vibratoire et \u00e9veillent \u00e0 des \u00e9tats de l\u2019\u00eatre calme et centr\u00e9. Bols de cristal chantants qui harmonisent Les bols de cristal harmonisent les \u00e9tats affectifs [&hellip;]\" \/>\n<meta property=\"og:url\" content=\"https:\/\/mieuxetreetspirituel.com\/index.php\/bols-de-cristal\/\" \/>\n<meta property=\"og:site_name\" content=\"Magn\u00e9tiseur Rouen\" \/>\n<meta property=\"article:modified_time\" content=\"2023-03-01T10:16:24+00:00\" \/>\n<meta property=\"og:image\" content=\"https:\/\/mieuxetreetspirituel.com\/wp-content\/uploads\/2022\/03\/F8C6F137-FFB2-46D8-877B-4F3CF9EC562A.png\" \/>\n<meta name=\"twitter:card\" content=\"summary_large_image\" \/>\n<meta name=\"twitter:label1\" content=\"Est. reading time\" \/>\n\t<meta name=\"twitter:data1\" content=\"2 minutes\" \/>\n<script type=\"application\/ld+json\" class=\"yoast-schema-graph\">{\"@context\":\"https:\/\/schema.org\",\"@graph\":[{\"@type\":\"WebPage\",\"@id\":\"https:\/\/mieuxetreetspirituel.com\/index.php\/bols-de-cristal\/\",\"url\":\"https:\/\/mieuxetreetspirituel.com\/index.php\/bols-de-cristal\/\",\"name\":\"Bols de cristal - Magn\u00e9tiseur Rouen\",\"isPartOf\":{\"@id\":\"https:\/\/mieuxetreetspirituel.com\/#website\"},\"primaryImageOfPage\":{\"@id\":\"https:\/\/mieuxetreetspirituel.com\/index.php\/bols-de-cristal\/#primaryimage\"},\"image\":{\"@id\":\"https:\/\/mieuxetreetspirituel.com\/index.php\/bols-de-cristal\/#primaryimage\"},\"thumbnailUrl\":\"https:\/\/mieuxetreetspirituel.com\/wp-content\/uploads\/2022\/03\/F8C6F137-FFB2-46D8-877B-4F3CF9EC562A.png\",\"datePublished\":\"2022-03-15T13:34:46+00:00\",\"dateModified\":\"2023-03-01T10:16:24+00:00\",\"breadcrumb\":{\"@id\":\"https:\/\/mieuxetreetspirituel.com\/index.php\/bols-de-cristal\/#breadcrumb\"},\"inLanguage\":\"en-US\",\"potentialAction\":[{\"@type\":\"ReadAction\",\"target\":[\"https:\/\/mieuxetreetspirituel.com\/index.php\/bols-de-cristal\/\"]}]},{\"@type\":\"ImageObject\",\"inLanguage\":\"en-US\",\"@id\":\"https:\/\/mieuxetreetspirituel.com\/index.php\/bols-de-cristal\/#primaryimage\",\"url\":\"https:\/\/mieuxetreetspirituel.com\/wp-content\/uploads\/2022\/03\/F8C6F137-FFB2-46D8-877B-4F3CF9EC562A.png\",\"contentUrl\":\"https:\/\/mieuxetreetspirituel.com\/wp-content\/uploads\/2022\/03\/F8C6F137-FFB2-46D8-877B-4F3CF9EC562A.png\",\"width\":828,\"height\":873},{\"@type\":\"BreadcrumbList\",\"@id\":\"https:\/\/mieuxetreetspirituel.com\/index.php\/bols-de-cristal\/#breadcrumb\",\"itemListElement\":[{\"@type\":\"ListItem\",\"position\":1,\"name\":\"Accueil\",\"item\":\"https:\/\/mieuxetreetspirituel.com\/\"},{\"@type\":\"ListItem\",\"position\":2,\"name\":\"Bols de cristal\"}]},{\"@type\":\"WebSite\",\"@id\":\"https:\/\/mieuxetreetspirituel.com\/#website\",\"url\":\"https:\/\/mieuxetreetspirituel.com\/\",\"name\":\"Magn\u00e9tiseur Rouen\",\"description\":\"Mieux \u00eatre et spirituel \",\"potentialAction\":[{\"@type\":\"SearchAction\",\"target\":{\"@type\":\"EntryPoint\",\"urlTemplate\":\"https:\/\/mieuxetreetspirituel.com\/?s={search_term_string}\"},\"query-input\":{\"@type\":\"PropertyValueSpecification\",\"valueRequired\":true,\"valueName\":\"search_term_string\"}}],\"inLanguage\":\"en-US\"}]}<\/script>\n<!-- \/ Yoast SEO plugin. -->","yoast_head_json":{"title":"Bols de cristal - Magn\u00e9tiseur Rouen","robots":{"index":"index","follow":"follow","max-snippet":"max-snippet:-1","max-image-preview":"max-image-preview:large","max-video-preview":"max-video-preview:-1"},"canonical":"https:\/\/mieuxetreetspirituel.com\/index.php\/bols-de-cristal\/","og_locale":"en_US","og_type":"article","og_title":"Bols de cristal - Magn\u00e9tiseur Rouen","og_description":"Bols de cristal Les Sons d&#8217;un bol de cristal chantant invitent \u00e0 reharmoniser vos vies d\u00e9saccord\u00e9es, la particularit\u00e9 \u00e9nerg\u00e9tique de leurs sons enveloppe l\u2019int\u00e9gralit\u00e9 du corps. Ils \u00e9l\u00e8vent le taux vibratoire et \u00e9veillent \u00e0 des \u00e9tats de l\u2019\u00eatre calme et centr\u00e9. Bols de cristal chantants qui harmonisent Les bols de cristal harmonisent les \u00e9tats affectifs [&hellip;]","og_url":"https:\/\/mieuxetreetspirituel.com\/index.php\/bols-de-cristal\/","og_site_name":"Magn\u00e9tiseur Rouen","article_modified_time":"2023-03-01T10:16:24+00:00","og_image":[{"url":"https:\/\/mieuxetreetspirituel.com\/wp-content\/uploads\/2022\/03\/F8C6F137-FFB2-46D8-877B-4F3CF9EC562A.png","type":"","width":"","height":""}],"twitter_card":"summary_large_image","twitter_misc":{"Est. reading time":"2 minutes"},"schema":{"@context":"https:\/\/schema.org","@graph":[{"@type":"WebPage","@id":"https:\/\/mieuxetreetspirituel.com\/index.php\/bols-de-cristal\/","url":"https:\/\/mieuxetreetspirituel.com\/index.php\/bols-de-cristal\/","name":"Bols de cristal - Magn\u00e9tiseur Rouen","isPartOf":{"@id":"https:\/\/mieuxetreetspirituel.com\/#website"},"primaryImageOfPage":{"@id":"https:\/\/mieuxetreetspirituel.com\/index.php\/bols-de-cristal\/#primaryimage"},"image":{"@id":"https:\/\/mieuxetreetspirituel.com\/index.php\/bols-de-cristal\/#primaryimage"},"thumbnailUrl":"https:\/\/mieuxetreetspirituel.com\/wp-content\/uploads\/2022\/03\/F8C6F137-FFB2-46D8-877B-4F3CF9EC562A.png","datePublished":"2022-03-15T13:34:46+00:00","dateModified":"2023-03-01T10:16:24+00:00","breadcrumb":{"@id":"https:\/\/mieuxetreetspirituel.com\/index.php\/bols-de-cristal\/#breadcrumb"},"inLanguage":"en-US","potentialAction":[{"@type":"ReadAction","target":["https:\/\/mieuxetreetspirituel.com\/index.php\/bols-de-cristal\/"]}]},{"@type":"ImageObject","inLanguage":"en-US","@id":"https:\/\/mieuxetreetspirituel.com\/index.php\/bols-de-cristal\/#primaryimage","url":"https:\/\/mieuxetreetspirituel.com\/wp-content\/uploads\/2022\/03\/F8C6F137-FFB2-46D8-877B-4F3CF9EC562A.png","contentUrl":"https:\/\/mieuxetreetspirituel.com\/wp-content\/uploads\/2022\/03\/F8C6F137-FFB2-46D8-877B-4F3CF9EC562A.png","width":828,"height":873},{"@type":"BreadcrumbList","@id":"https:\/\/mieuxetreetspirituel.com\/index.php\/bols-de-cristal\/#breadcrumb","itemListElement":[{"@type":"ListItem","position":1,"name":"Accueil","item":"https:\/\/mieuxetreetspirituel.com\/"},{"@type":"ListItem","position":2,"name":"Bols de cristal"}]},{"@type":"WebSite","@id":"https:\/\/mieuxetreetspirituel.com\/#website","url":"https:\/\/mieuxetreetspirituel.com\/","name":"Magn\u00e9tiseur Rouen","description":"Mieux \u00eatre et spirituel ","potentialAction":[{"@type":"SearchAction","target":{"@type":"EntryPoint","urlTemplate":"https:\/\/mieuxetreetspirituel.com\/?s={search_term_string}"},"query-input":{"@type":"PropertyValueSpecification","valueRequired":true,"valueName":"search_term_string"}}],"inLanguage":"en-US"}]}},"_links":{"self":[{"href":"https:\/\/mieuxetreetspirituel.com\/index.php\/wp-json\/wp\/v2\/pages\/524","targetHints":{"allow":["GET"]}}],"collection":[{"href":"https:\/\/mieuxetreetspirituel.com\/index.php\/wp-json\/wp\/v2\/pages"}],"about":[{"href":"https:\/\/mieuxetreetspirituel.com\/index.php\/wp-json\/wp\/v2\/types\/page"}],"author":[{"embeddable":true,"href":"https:\/\/mieuxetreetspirituel.com\/index.php\/wp-json\/wp\/v2\/users\/1"}],"replies":[{"embeddable":true,"href":"https:\/\/mieuxetreetspirituel.com\/index.php\/wp-json\/wp\/v2\/comments?post=524"}],"version-history":[{"count":36,"href":"https:\/\/mieuxetreetspirituel.com\/index.php\/wp-json\/wp\/v2\/pages\/524\/revisions"}],"predecessor-version":[{"id":1684,"href":"https:\/\/mieuxetreetspirituel.com\/index.php\/wp-json\/wp\/v2\/pages\/524\/revisions\/1684"}],"wp:attachment":[{"href":"https:\/\/mieuxetreetspirituel.com\/index.php\/wp-json\/wp\/v2\/media?parent=524"}],"curies":[{"name":"wp","href":"https:\/\/api.w.org\/{rel}","templated":true}]}}